{"id":16293,"date":"2019-10-25T10:27:12","date_gmt":"2019-10-25T10:27:12","guid":{"rendered":"http:\/\/www.erplybooks.com\/?page_id=16293"},"modified":"2023-07-05T17:46:07","modified_gmt":"2023-07-05T17:46:07","slug":"massiline-ettemaksude-kasutamine","status":"publish","type":"page","link":"https:\/\/www.erplybooks.com\/et\/massiline-ettemaksude-kasutamine\/","title":{"rendered":"Massiline Ettemaksude kasutamine"},"content":{"rendered":"\r\n<h1>Ettemaksude massiline kasutamine<\/h1>\r\n<p>&nbsp;<\/p>\r\n<p><em>Ettemaksude massiline kasutamine<\/em> on plugin, mis v\u00f5imaldab leida k\u00f5ik \u00fcleval olevad ettemaksud ja paari klikiga need \u00e4ra kasutada. Ettemaksude kasutamist saab korraldada ka \u00fche kaupa, kuid kui s\u00fcsteemis tekib mitmeid ettemaksusid, mis ei seostata automaatselt arvetega, siis on m\u00f5istlik kasutada ettemaksude kasutamise pluginat.\u00a0<\/p>\r\n\r\n\r\n\r\n<p><strong>Funktsionaalsus sisaldab:<\/strong>\u00a0<\/p>\r\n\r\n\r\n\r\n<ul class=\"wp-block-list\">\r\n<li>s\u00fcsteem otsib k\u00f5iki ettemaksusid, mida saab kasutada;<\/li>\r\n<li>saab otsida eraldi ostu- ja m\u00fc\u00fcgitehinguid;<\/li>\r\n<li>saab otsida t\u00e4pseid vasteid \u2013 otsitakse k\u00f5iki kontakte, kus ettemaks v\u00f5rdub t\u00e4pselt maksmata arvete summaga;<\/li>\r\n<li>saab l\u00e4bi viia ka mittet\u00e4pseid ettemaksude kasutamisi \u2013 see on vajalik, kui n\u00e4iteks kliendil on 10 arvet, 20 makset ning arvete summa on v\u00e4iksem kui ettemaksude summa;<\/li>\r\n<li>saab luua reegli, et s\u00fcsteem sooritab ise otsingud ja ettemaksu kasutamise korra perioodis.<\/li>\r\n<\/ul>\r\n\r\n\r\n\r\n<p><strong>Plugina hind: 799 EUR + k\u00e4ibemaks \u00fchekordse tasuna.\u00a0<\/strong><\/p>\r\n\r\n\r\n\r\n<p><strong>Juurutus:\u00a0<\/strong><\/p>\r\n\r\n\r\n\r\n<ul class=\"wp-block-list\">\r\n<li>lisame pealehele nupu, millega moodul avada;<\/li>\r\n<li>m\u00e4ngime l\u00e4bi \u00fche ettemaksude kasutamise sessiooni;<\/li>\r\n<li>seadistame vajadusel s\u00fcsteemi t\u00e4isautomaatseks.<\/li>\r\n<\/ul>\r\n","protected":false},"excerpt":{"rendered":"<p>Ettemaksude massiline kasutamine &nbsp; Ettemaksude massiline kasutamine on plugin, mis v\u00f5imaldab leida k\u00f5ik \u00fcleval olevad ettemaksud ja paari klikiga need \u00e4ra kasutada. Ettemaksude kasutamist saab korraldada ka \u00fche kaupa, kuid kui s\u00fcsteemis tekib mitmeid ettemaksusid, mis ei seostata automaatselt arvetega, siis on m\u00f5istlik kasutada ettemaksude kasutamise pluginat.\u00a0 Funktsionaalsus sisaldab:\u00a0 s\u00fcsteem otsib k\u00f5iki ettemaksusid, mida saab [&hellip;]<\/p>\n","protected":false},"author":3,"featured_media":0,"parent":0,"menu_order":0,"comment_status":"closed","ping_status":"closed","template":"","meta":{"_et_pb_use_builder":"","_et_pb_old_content":"","_et_gb_content_width":"","footnotes":""},"categories":[455],"tags":[57],"class_list":["post-16293","page","type-page","status-publish","hentry","category-maksed-ja-ettemaksed","tag-ettemaks"],"_links":{"self":[{"href":"https:\/\/www.erplybooks.com\/et\/wp-json\/wp\/v2\/pages\/16293","targetHints":{"allow":["GET"]}}],"collection":[{"href":"https:\/\/www.erplybooks.com\/et\/wp-json\/wp\/v2\/pages"}],"about":[{"href":"https:\/\/www.erplybooks.com\/et\/wp-json\/wp\/v2\/types\/page"}],"author":[{"embeddable":true,"href":"https:\/\/www.erplybooks.com\/et\/wp-json\/wp\/v2\/users\/3"}],"replies":[{"embeddable":true,"href":"https:\/\/www.erplybooks.com\/et\/wp-json\/wp\/v2\/comments?post=16293"}],"version-history":[{"count":0,"href":"https:\/\/www.erplybooks.com\/et\/wp-json\/wp\/v2\/pages\/16293\/revisions"}],"wp:attachment":[{"href":"https:\/\/www.erplybooks.com\/et\/wp-json\/wp\/v2\/media?parent=16293"}],"wp:term":[{"taxonomy":"category","embeddable":true,"href":"https:\/\/www.erplybooks.com\/et\/wp-json\/wp\/v2\/categories?post=16293"},{"taxonomy":"post_tag","embeddable":true,"href":"https:\/\/www.erplybooks.com\/et\/wp-json\/wp\/v2\/tags?post=16293"}],"curies":[{"name":"wp","href":"https:\/\/api.w.org\/{rel}","templated":true}]}}