{"id":16124,"date":"2019-06-21T06:33:29","date_gmt":"2019-06-21T06:33:29","guid":{"rendered":"http:\/\/www.erplybooks.com\/?p=16124"},"modified":"2026-05-06T13:44:27","modified_gmt":"2026-05-06T13:44:27","slug":"e-arveldaja-e-arvete-integratsioon","status":"publish","type":"page","link":"https:\/\/www.erplybooks.com\/et\/e-arveldaja-e-arvete-integratsioon\/","title":{"rendered":"E-arveldaja e-arvete integratsioon"},"content":{"rendered":"\r\n<h1><strong>E-arveldaja e-arvete integratsioon<\/strong><\/h1>\r\n<p>ERPLY Books toetab n\u00fc\u00fcd E-arveldaja e-arvete integratsiooni. Kogu tegevus toimub otse ERPLY Booksis, mist\u00f5ttu s\u00fcsteem on v\u00e4ga lihtne ent eeldab KYC protsessi t\u00e4itmist.<\/p>\r\n\r\n\r\n\r\n<p>Integratsioon toimib selliselt:<\/p>\r\n\r\n\r\n\r\n<ul class=\"wp-block-list\">\r\n<li>Mine &#8220;S\u00e4tted&#8221; &gt; &#8220;Integratsioonid&#8221; ja ava E-arveldaja sektsiooni.<\/li>\r\n<\/ul>\r\n\r\n\r\n\r\n<ul class=\"wp-block-list\">\r\n<li>Seej\u00e4rel n\u00e4ed seal aktiveerimise nuppu.<\/li>\r\n<\/ul>\r\n\r\n\r\n\r\n<ul class=\"wp-block-list\">\r\n<li>J\u00e4rgnevalt tuleb l\u00e4bida KYC protsessi, mille raames peab ERPLY Books veenduma, et Teil on \u00f5igus tegutseda selle ettev\u00f5tte nimel, mille alt olete toimingu alustanud, ning et olete ettev\u00f5tte ametlik esindaja (ehk omate otsustus\u00f5igust).<\/li>\r\n<\/ul>\r\n\r\n\r\n\r\n<ul class=\"wp-block-list\">\r\n<li>KYC-protsessi l\u00e4bimisel ning registrikoodi ja \u00e4rinime kinnitamisel aktiveerime E-arveldaja teenuse.<\/li>\r\n<\/ul>\r\n\r\n\r\n\r\n<p>Seej\u00e4rel aktiveerub E-arveldaja integratsioon ning Sul on olemas \u00fchendus e-arve operaatoriga. Saad avada m\u00fc\u00fcgiarve ning saatmise nupu alt saata konkreetne arve E-arveldajasse, kes edastab selle vastavale operaatorile.<\/p>\r\n\r\n\r\n\r\n<p>E-arveldaja kasutamise eest lisandub Sinu kuutasule 1 EUR.<\/p>\r\n<p>Oluline on mainida E-arveldaja kasutuse hind s\u00f5ltub paketist. \u201cKomplekteeri ise\u201d paketi korral tuleb kindlasti valida e-arvete v\u00f5imalus, mille hinna leiate hinnapakettide all. Keskmisel ja suurel paketil on see juba paketti lisatud. Hinnapakettide kohta leiate t\u00e4psema info <a href=\"https:\/\/www.erplybooks.com\/et\/hinnakiri-ettevottele\/\">siit<\/a>!<\/p>\r\n","protected":false},"excerpt":{"rendered":"<p>E-arveldaja e-arvete integratsioon ERPLY Books toetab n\u00fc\u00fcd E-arveldaja e-arvete integratsiooni. Kogu tegevus toimub otse ERPLY Booksis, mist\u00f5ttu s\u00fcsteem on v\u00e4ga lihtne ent eeldab KYC protsessi t\u00e4itmist. Integratsioon toimib selliselt: Mine &#8220;S\u00e4tted&#8221; &gt; &#8220;Integratsioonid&#8221; ja ava E-arveldaja sektsiooni. Seej\u00e4rel n\u00e4ed seal aktiveerimise nuppu. J\u00e4rgnevalt tuleb l\u00e4bida KYC protsessi, mille raames peab ERPLY Books veenduma, et Teil [&hellip;]<\/p>\n","protected":false},"author":3,"featured_media":0,"parent":0,"menu_order":0,"comment_status":"closed","ping_status":"closed","template":"","meta":{"_et_pb_use_builder":"","_et_pb_old_content":"","_et_gb_content_width":"","footnotes":""},"categories":[459],"tags":[45,772],"class_list":["post-16124","page","type-page","status-publish","hentry","category-integratsioonid","tag-e-arve","tag-e-arveldaja"],"_links":{"self":[{"href":"https:\/\/www.erplybooks.com\/et\/wp-json\/wp\/v2\/pages\/16124","targetHints":{"allow":["GET"]}}],"collection":[{"href":"https:\/\/www.erplybooks.com\/et\/wp-json\/wp\/v2\/pages"}],"about":[{"href":"https:\/\/www.erplybooks.com\/et\/wp-json\/wp\/v2\/types\/page"}],"author":[{"embeddable":true,"href":"https:\/\/www.erplybooks.com\/et\/wp-json\/wp\/v2\/users\/3"}],"replies":[{"embeddable":true,"href":"https:\/\/www.erplybooks.com\/et\/wp-json\/wp\/v2\/comments?post=16124"}],"version-history":[{"count":0,"href":"https:\/\/www.erplybooks.com\/et\/wp-json\/wp\/v2\/pages\/16124\/revisions"}],"wp:attachment":[{"href":"https:\/\/www.erplybooks.com\/et\/wp-json\/wp\/v2\/media?parent=16124"}],"wp:term":[{"taxonomy":"category","embeddable":true,"href":"https:\/\/www.erplybooks.com\/et\/wp-json\/wp\/v2\/categories?post=16124"},{"taxonomy":"post_tag","embeddable":true,"href":"https:\/\/www.erplybooks.com\/et\/wp-json\/wp\/v2\/tags?post=16124"}],"curies":[{"name":"wp","href":"https:\/\/api.w.org\/{rel}","templated":true}]}}