{"id":16105,"date":"2019-05-31T12:19:28","date_gmt":"2019-05-31T12:19:28","guid":{"rendered":"http:\/\/www.erplybooks.com\/?page_id=16105"},"modified":"2023-07-05T11:45:26","modified_gmt":"2023-07-05T11:45:26","slug":"viivisarved","status":"publish","type":"page","link":"https:\/\/www.erplybooks.com\/et\/lisamoodulid\/viivisarved\/","title":{"rendered":"Viivisarved"},"content":{"rendered":"\r\n<h1>Viivisarved<\/h1>\r\n<p>&nbsp;<\/p>\r\n<p>Viivisarvete lahendus on lisaplugin, mis v\u00f5imaldab klientidele viiviseid arvestada. <\/p>\r\n\r\n\r\n\r\n<p>ERPLY Booksis on olemas eraldi viivisarvete lahendus. Sellega saate:<\/p>\r\n\r\n\r\n\r\n<ul class=\"wp-block-list\">\r\n<li>luua viivisarveid<\/li>\r\n<li>j\u00e4lgida viivise summat<\/li>\r\n<li>kasutada viivisartiklit, mis \u00fchendab endas k\u00f5iki viivistega seotud tehinguid<\/li>\r\n<\/ul>\r\n\r\n\r\n\r\n<p>Viivisarvete lahendus on integreeritud lahendus kliendi raportiga &#8211; kohaga, kust tulevad ka kliendi saldod. Kliendi raportist on viiviste kohta j\u00e4rgneva info:<\/p>\r\n\r\n\r\n\r\n<ul class=\"wp-block-list\">\r\n<li>Viiviste summad<\/li>\r\n<li>arvutatud viivisesummade veerg<\/li>\r\n<li>arveldatud viiviste summade veerg (ehk maksmata arvete hulgas olev viivisarve summa)<\/li>\r\n<li>perioodis makstud viivisarvete veerg &#8211; selle jaoks peate lisama ka perioodi alguskuup\u00e4eva (kui otsite aprilli perioodi, siis n\u00e4itab aprillis makstud arvete viivisesummat, mis oli arve maksmise hetkeks kogunenud)<\/li>\r\n<li>saate valida kliendi ja vajutada \u201cviivis\u201d, mille peale valmistatakse viivisarve ette<\/li>\r\n<\/ul>\r\n\r\n\r\n\r\n<p>M\u00f5ned n\u00fcansid viivisarvete lahenduse kohta:<\/p>\r\n\r\n\r\n\r\n<ul class=\"wp-block-list\">\r\n<li>Viivisarveid ei looda automaatselt &#8211; lahendus v\u00f5imaldab j\u00e4lgida ja \u00fche kaupa arveid lisada<\/li>\r\n<li>Viiviseid arvele lisades tuleb alati kasutada sama artiklit &#8211; viivisartikli kaudu kontrollib Books, kui palju on juba viiviseid arvutatud<\/li>\r\n<\/ul>\r\n\r\n\r\n\r\n<p>Viivisearvutus:<\/p>\r\n\r\n\r\n\r\n<ul class=\"wp-block-list\">\r\n<li>Kui hakkad arvet looma, siis enne kliendi valimist on m\u00e4\u00e4ratud \u00fcldiste s\u00e4tete all olev viiviseprotsent<\/li>\r\n<li>kui valid kliendi, m\u00e4\u00e4ratakse arvele kliendi kaardil olev viiviseprotsent<\/li>\r\n<li>viivise lahendus p\u00f5hineb p\u00e4eva p\u00f5hisel arvestusel &#8211; kui Teil on kasutusel mingi muu viivisearvestuse meetod, siis antud moodul ei pruugi Teile abiks olla<\/li>\r\n<li>viivise summa, mida n\u00e4ete kliendi raportis, on arvutatud k\u00f5ikide \u00fcle t\u00e4htaja arvete peale kokku (v\u00f5ttes sealhulgas arvesse iga arve \u00fcle t\u00e4htaja p\u00e4evade hulka)<\/li>\r\n<\/ul>\r\n\r\n\r\n\r\n<p>Viivisarvete lahendus maksab \u00fchekordse maksena 599 EUR + KM. <\/p>\r\n","protected":false},"excerpt":{"rendered":"<p>Viivisarved &nbsp; Viivisarvete lahendus on lisaplugin, mis v\u00f5imaldab klientidele viiviseid arvestada. ERPLY Booksis on olemas eraldi viivisarvete lahendus. Sellega saate: luua viivisarveid j\u00e4lgida viivise summat kasutada viivisartiklit, mis \u00fchendab endas k\u00f5iki viivistega seotud tehinguid Viivisarvete lahendus on integreeritud lahendus kliendi raportiga &#8211; kohaga, kust tulevad ka kliendi saldod. Kliendi raportist on viiviste kohta j\u00e4rgneva info: [&hellip;]<\/p>\n","protected":false},"author":3,"featured_media":0,"parent":15786,"menu_order":0,"comment_status":"closed","ping_status":"closed","template":"","meta":{"_et_pb_use_builder":"","_et_pb_old_content":"","_et_gb_content_width":"","footnotes":""},"categories":[452],"tags":[589,845],"class_list":["post-16105","page","type-page","status-publish","hentry","category-muuk","tag-arve","tag-viivis"],"_links":{"self":[{"href":"https:\/\/www.erplybooks.com\/et\/wp-json\/wp\/v2\/pages\/16105","targetHints":{"allow":["GET"]}}],"collection":[{"href":"https:\/\/www.erplybooks.com\/et\/wp-json\/wp\/v2\/pages"}],"about":[{"href":"https:\/\/www.erplybooks.com\/et\/wp-json\/wp\/v2\/types\/page"}],"author":[{"embeddable":true,"href":"https:\/\/www.erplybooks.com\/et\/wp-json\/wp\/v2\/users\/3"}],"replies":[{"embeddable":true,"href":"https:\/\/www.erplybooks.com\/et\/wp-json\/wp\/v2\/comments?post=16105"}],"version-history":[{"count":0,"href":"https:\/\/www.erplybooks.com\/et\/wp-json\/wp\/v2\/pages\/16105\/revisions"}],"up":[{"embeddable":true,"href":"https:\/\/www.erplybooks.com\/et\/wp-json\/wp\/v2\/pages\/15786"}],"wp:attachment":[{"href":"https:\/\/www.erplybooks.com\/et\/wp-json\/wp\/v2\/media?parent=16105"}],"wp:term":[{"taxonomy":"category","embeddable":true,"href":"https:\/\/www.erplybooks.com\/et\/wp-json\/wp\/v2\/categories?post=16105"},{"taxonomy":"post_tag","embeddable":true,"href":"https:\/\/www.erplybooks.com\/et\/wp-json\/wp\/v2\/tags?post=16105"}],"curies":[{"name":"wp","href":"https:\/\/api.w.org\/{rel}","templated":true}]}}