{"id":15818,"date":"2019-04-04T06:47:35","date_gmt":"2019-04-04T06:47:35","guid":{"rendered":"http:\/\/www.erplybooks.com\/?page_id=15818"},"modified":"2023-07-07T10:18:59","modified_gmt":"2023-07-07T10:18:59","slug":"raamatupidamistarkvara-suurele-ettevottele","status":"publish","type":"page","link":"https:\/\/www.erplybooks.com\/et\/raamatupidamistarkvara-suurele-ettevottele\/","title":{"rendered":"Suurele ettev\u00f5ttele"},"content":{"rendered":"<h3>Raamatupidamistarkvara suurele ettev\u00f5ttele &#8211; kohanda tarkvara endale sobivaks!<\/h3>\r\n\r\n<figure class=\"wp-block-table temp-table\">\r\n<table>\r\n<tbody>\r\n<tr>\r\n<td><iframe loading=\"lazy\" src=\"https:\/\/www.youtube.com\/embed\/zYAipfculgs\" width=\"560\" height=\"315\" frameborder=\"0\" allowfullscreen=\"allowfullscreen\"><\/iframe><\/td>\r\n<td>\r\n<h2><strong>Igap\u00e4evane raamatupidamine<\/strong><\/h2>\r\n<br \/>\r\n<ul>\r\n<li style=\"font-weight: 400;\"><span style=\"font-weight: 400;\"><strong><a href=\"https:\/\/www.erplybooks.com\/et\/eterply-books-raamatupidamistarkvara-funktsioonid\/\">Baasfunktsioonid<\/a><\/strong> kontoplaanist pearaamatu ja k\u00e4ibeandmikuni<\/span><\/li>\r\n<\/ul>\r\n<br \/>\r\n<ul>\r\n<li style=\"font-weight: 400;\"><span style=\"font-weight: 400;\"><a href=\"https:\/\/www.erplybooks.com\/et\/juhendid\/laekumiste-haldamine\/\"><strong>Arvete ja laekumiste haldamine<\/strong><\/a> \u2013 t\u00e4isautomatiseerimise v\u00f5imalused<\/span><\/li>\r\n<\/ul>\r\n<br \/>\r\n<ul>\r\n<li style=\"font-weight: 400;\"><span style=\"font-weight: 400;\"><strong><a href=\"https:\/\/www.erplybooks.com\/et\/juhendid\/finantsaruanded\/\">Aruandlus<\/a> <\/strong>erinevatele tasemetele: raamatupidaja, ettev\u00f5tte juht, audiitor, frantsiisi juhataja<\/span><\/li>\r\n<\/ul>\r\n<\/td>\r\n<\/tr>\r\n<\/tbody>\r\n<\/table>\r\n<\/figure>\r\n\r\n\r\n\r\n<h2 class=\"wp-block-heading\"><strong>Paindlikkus<\/strong><\/h2>\r\n\r\n\r\n\r\n<p>&nbsp;<\/p>\r\n\r\n\r\n\r\n<p><strong><strong>Kui lood uue firma, siis saad kohandada vaikimisi seadistatud reegleid Sulle sobivaks:<\/strong><\/strong><\/p>\r\n\r\n\r\n\r\n<ul class=\"wp-block-list\">\r\n<li>Seadista kontoplaan, k\u00e4ibemaksud, artiklid, lisa neile omavahelised reeglid<\/li>\r\n<li>Koosta ise aruandeid <a href=\"https:\/\/www.erplybooks.com\/et\/juhendid\/aruandegeneraator\/\">aruandegeneraatoris<\/a><\/li>\r\n<li>Koosta kohandatud bilanss ja kasumiaruanne<\/li>\r\n<li>Aruanded p\u00f5hi- ja aruandlusvaluutas<\/li>\r\n<li><a href=\"https:\/\/www.erplybooks.com\/et\/juhendid\/pangareeglid\/\">Automatiseeri pank,<\/a>\u00a0ostud ja lisa kontode reeglid<\/li>\r\n<li>Lisa kiirvaliku nupud<\/li>\r\n<\/ul>\r\n\r\n\r\n\r\n<div class=\"wp-block-spacer\" style=\"height: 52px;\" aria-hidden=\"true\">\u00a0<\/div>\r\n\r\n\r\n\r\n<h2 class=\"has-text-align-right wp-block-heading\"><strong>T\u00f6\u00f6 erinevate projektide vahel<\/strong><\/h2>\r\n\r\n\r\n\r\n<div class=\"wp-block-image\">\r\n<figure class=\"alignleft is-resized\"><img loading=\"lazy\" decoding=\"async\" class=\"wp-image-15835\" src=\"https:\/\/www.erplybooks.com\/wp-content\/uploads\/2019\/04\/osakonnad.png\" alt=\"\" width=\"434\" height=\"304\" \/><\/figure>\r\n<\/div>\r\n\r\n\r\n\r\n<p><strong><strong>Kui Sinu ettev\u00f5ttel on mitu asukohta, <\/strong><a href=\"https:\/\/www.erplybooks.com\/et\/juhendid\/projektid-erply-booksis\/\"><strong>projekti<\/strong><\/a><strong>, objekti v\u00f5i muud kulu-tulukohta, siis halda neid ERPLY Booksis projektide kaudu ja saad detailsema \u00fclevaate oma \u00e4ritegevusest.<\/strong><\/strong><\/p>\r\n\r\n\r\n\r\n<ul class=\"wp-block-list\">\r\n<li>Grupeeri samalaadsed projektigrupid<\/li>\r\n<li>Jaga ostuarved projektide vahel<\/li>\r\n<li>Lisa igale tehingule \u00fcks v\u00f5i mitu projekti<\/li>\r\n<li>Filtreeri aruandlust projektide j\u00e4rgi<\/li>\r\n<li>M\u00e4\u00e4ra projektile emaprojekt ja see lisandub emaprojektile automaatselt<\/li>\r\n<\/ul>\r\n\r\n\r\n\r\n<div class=\"wp-block-spacer\" style=\"height: 52px;\" aria-hidden=\"true\">\u00a0<\/div>\r\n\r\n\r\n\r\n<h2 class=\"has-text-align-left wp-block-heading\"><strong><a href=\"https:\/\/www.erplybooks.com\/et\/juhendid\/ostuarvete-automatiseerimine\/\">Ostuarvete postkast<\/a><\/strong><\/h2>\r\n\r\n\r\n\r\n<div class=\"wp-block-image\">\r\n<figure class=\"alignright is-resized\"><img loading=\"lazy\" decoding=\"async\" class=\"wp-image-15848\" src=\"https:\/\/www.erplybooks.com\/wp-content\/uploads\/2019\/04\/postkast-2.png\" alt=\"\" width=\"535\" height=\"278\" \/><\/figure>\r\n<\/div>\r\n\r\n\r\n\r\n<p><strong><strong>ERPLY Booksi ostuarvete postkast s\u00e4\u00e4stab kuni 80% ostuarvetele kuluvast ajast. Ostuarveid saab sisestada lihtsalt: paremal n\u00e4ed arvet ning samal ajal saad vasakul seda sisestada.<\/strong><\/strong><\/p>\r\n\r\n\r\n\r\n<ul class=\"wp-block-list\">\r\n<li>Jaga hankijatele oma isiklik ERPLY Booksi e-maili address, kuhu saadetud e-mail koos failidega salvestub<\/li>\r\n<li>K\u00f5ik dokumendid on \u00fches kohas ja arhiveeritud<\/li>\r\n<li>Arvete koostamisel on abiks PDF lugeja ja e-arvete automaatne t\u00f6\u00f6tlemine<\/li>\r\n<li>Arhiveeri PDF, pilt v\u00f5i e-arve<\/li>\r\n<li>Koosta maksefailid arvete tasumiseks<\/li>\r\n<li>Lisa reeglid automaatseks arve sisestuseks, kui fail postkasti j\u00f5uab<\/li>\r\n<\/ul>\r\n\r\n\r\n\r\n<div class=\"wp-block-spacer\" style=\"height: 52px;\" aria-hidden=\"true\">\u00a0<\/div>\r\n\r\n\r\n\r\n<h2 class=\"has-text-align-right wp-block-heading\"><strong>Pangaimport<\/strong><\/h2>\r\n\r\n\r\n\r\n<div class=\"wp-block-image\">\r\n<figure class=\"alignleft is-resized\"><img loading=\"lazy\" decoding=\"async\" class=\"wp-image-15853\" src=\"https:\/\/www.erplybooks.com\/wp-content\/uploads\/2019\/04\/pangaimport.png\" alt=\"\" width=\"546\" height=\"285\" \/><\/figure>\r\n<\/div>\r\n\r\n\r\n\r\n<p><strong><strong> Lae fail pangaimpordi kaudu s\u00fcsteemi ning ERPLY Books \u00fchendab maksed arvetega automaatselt.<\/strong> <\/strong><\/p>\r\n\r\n\r\n\r\n<ul class=\"wp-block-list\">\r\n<li>Pangaimport tuvastab kuni 100% tehingutest<\/li>\r\n<li>Automatiseeri pangaimporti veelgi l\u00e4bi <a href=\"https:\/\/www.erplybooks.com\/et\/juhendid\/pangareeglid\/\">pangareeglite<\/a><\/li>\r\n<li>Toetame paljude riikide ja ka PayPal\u2019i pangav\u00e4ljav\u00f5tte importimist<\/li>\r\n<li>SEPA maksefaile saab koostada ostuarvete, palkade ja muude maksete sooritamiseks<\/li>\r\n<li><a href=\"https:\/\/www.erplybooks.com\/et\/juhendid\/maksefaili-koostamise-eriparad\/\">Maksefaili koostades<\/a> koondatakse sama hankija arved \u00fcheks makseks (viitenumbrit arvesse v\u00f5ttes)<\/li>\r\n<\/ul>\r\n\r\n\r\n\r\n<div class=\"wp-block-spacer\" style=\"height: 52px;\" aria-hidden=\"true\">\u00a0<\/div>\r\n\r\n\r\n\r\n<h2 class=\"wp-block-heading\"><strong>Massimportimine<\/strong><\/h2>\r\n\r\n\r\n\r\n<div class=\"wp-block-image\">\r\n<figure class=\"alignright is-resized\"><img loading=\"lazy\" decoding=\"async\" class=\"wp-image-15858\" src=\"https:\/\/www.erplybooks.com\/wp-content\/uploads\/2019\/04\/massimport.png\" alt=\"\" width=\"499\" height=\"264\" \/><\/figure>\r\n<\/div>\r\n\r\n\r\n\r\n<p><strong><strong>ERPLY Booksis on andmete <\/strong><a href=\"https:\/\/www.erplybooks.com\/et\/juhendid\/andmete-importimine-erply-booksis\/\"><strong>massiliseks importimiseks<\/strong><\/a><strong> mugav kasutada <\/strong><a href=\"https:\/\/www.erplybooks.com\/et\/kuidas-avada-csv-faile\/\"><strong>CSV<\/strong><\/a><strong> faili v\u00f5i lihtsalt kopeerida ja kleepida andmed Excelist ERPLY Booksi importimise moodulisse.<\/strong><\/strong><\/p>\r\n\r\n\r\n\r\n<ul class=\"wp-block-list\">\r\n<li>Rohkem kui 1000 arve importimisel kasuta CSV faili<\/li>\r\n<li><strong>Ctrl+C<\/strong> ja <strong>Ctrl+V<\/strong> abil saab andmed importida Excelist ERPLY Booksi<\/li>\r\n<li>Andmete pidevaks impordiks \u00fchilda andmed tarkvaraga, mis teostab impordi Sinu eest<\/li>\r\n<\/ul>\r\n\r\n\r\n\r\n<div class=\"wp-block-spacer\" style=\"height: 52px;\" aria-hidden=\"true\">\u00a0<\/div>\r\n\r\n\r\n\r\n<h2 class=\"has-text-align-right wp-block-heading\"><strong>ERPLY Kassa ja Lao Integratsioon<\/strong><\/h2>\r\n\r\n\r\n\r\n<div class=\"wp-block-image\">\r\n<figure class=\"alignleft is-resized\"><img loading=\"lazy\" decoding=\"async\" class=\"wp-image-15863\" src=\"https:\/\/www.erplybooks.com\/wp-content\/uploads\/2019\/04\/erply.png\" alt=\"\" width=\"393\" height=\"302\" \/><\/figure>\r\n<\/div>\r\n\r\n\r\n\r\n<p><strong><strong>ERPLY Kassa ja Lao <\/strong><strong>Integratsioon<\/strong><strong> sobib v\u00e4ikesele ja suurele ettev\u00f5ttele. T\u00e4nu projektide lahendusele sobib see ka 500 <a href=\"https:\/\/www.erplybooks.com\/et\/juhendid\/mitme-osakonnaga-kliendid\/\">osakonnaga<\/a> ettev\u00f5ttele.<\/strong><\/strong><\/p>\r\n\r\n\r\n\r\n<ul class=\"wp-block-list\">\r\n<li>Automaatne s\u00fcnkroniseerimine<\/li>\r\n<li>S\u00fcnkroniseeri k\u00f5ik vajalikud andmed<\/li>\r\n<li>Vajadusel m\u00e4\u00e4ra lisareegleid (n\u00e4iteks \u201c\u00e4ra s\u00fcngi saatelehti\u201d)<\/li>\r\n<li>M\u00e4\u00e4rata tehinguliikidele \u00f5iged kontod<\/li>\r\n<li>M\u00e4\u00e4ra kontod toote- ja kliendigruppide l\u00f5ikes<\/li>\r\n<\/ul>\r\n\r\n\r\n\r\n<div class=\"wp-block-spacer\" style=\"height: 52px;\" aria-hidden=\"true\">\u00a0<\/div>\r\n\r\n\r\n\r\n<h2 class=\"wp-block-heading\"><strong>Kontode kaardistamine<\/strong><\/h2>\r\n\r\n\r\n\r\n<div class=\"wp-block-image\">\r\n<figure class=\"alignright is-resized\"><img loading=\"lazy\" decoding=\"async\" class=\"wp-image-15877\" src=\"https:\/\/www.erplybooks.com\/wp-content\/uploads\/2019\/04\/kontoplaan.png\" alt=\"\" width=\"515\" height=\"266\" \/><\/figure>\r\n<\/div>\r\n\r\n\r\n\r\n<p><strong><a href=\"https:\/\/www.erplybooks.com\/manuals\/account-mapping-erply-books\/\"><strong>Kontode kaardistamisel<\/strong><\/a><strong> on palju erineva hierarhiaga reegleid. N\u00e4iteks saad m\u00e4\u00e4rata, et emafirmaga seotud tulud l\u00e4hevad kontole X, L\u00e4ti klientide tulu kontole Y ja k\u00f5ik muu tulukontole Z.<\/strong><\/strong><\/p>\r\n\r\n\r\n\r\n<ul class=\"wp-block-list\">\r\n<li>Automatiseeri k\u00f5ikv\u00f5imalike tehingute s\u00fcnkroniseerimine v\u00e4lisest s\u00fcsteemist ja arved, laotehingud, laekumised l\u00e4hevad automaatselt \u00f5igetele kontodele<\/li>\r\n<li>Automatiseeri sisestustegevused Booksis: ostuarve kulukonto vastavalt hankijale, k\u00e4ibemaksukontod vastavalt tehinguliigile jne.<\/li>\r\n<\/ul>\r\n\r\n\r\n\r\n<div class=\"wp-block-spacer\" style=\"height: 52px;\" aria-hidden=\"true\">\u00a0<\/div>\r\n\r\n\r\n\r\n<h2 class=\"has-text-align-right wp-block-heading\"><strong><a href=\"https:\/\/www.erplybooks.com\/et\/juhendid\/aruandegeneraator\/\">Aruandlus<\/a><\/strong><\/h2>\r\n\r\n\r\n\r\n<div class=\"wp-block-image\">\r\n<figure class=\"alignleft is-resized\"><img loading=\"lazy\" decoding=\"async\" class=\"wp-image-15938\" src=\"https:\/\/www.erplybooks.com\/wp-content\/uploads\/2019\/04\/aruandegeneraator-2.png\" alt=\"\" width=\"466\" height=\"260\" \/><\/figure>\r\n<\/div>\r\n\r\n\r\n\r\n<p class=\"has-text-align-left\"><strong><strong>Lisaks igap\u00e4evastele finantsaruannetele saab disainida aruandeid vastavalt enda soovile.Aruandegeneraatori idee on luua t\u00e4iesti uusi aruandeid puhtalt lehelt.<\/strong><\/strong><\/p>\r\n\r\n\r\n\r\n<ul class=\"wp-block-list\">\r\n<li>Suur hulk v\u00e4ljundeid, mida saab aruannetesse valida<\/li>\r\n<li>Vali just endale vajalikud v\u00e4ljundid<\/li>\r\n<li>V\u00e4ljasta aruandeid projektide l\u00f5ikes<\/li>\r\n<li>Vigade otsingud<\/li>\r\n<li>Lisa aruannetesse suhtarvud<\/li>\r\n<li>Saad kohandada iga aruande v\u00e4limust PDF\u2019s ja Excelis<\/li>\r\n<\/ul>\r\n\r\n\r\n\r\n<p>&nbsp;<\/p>\r\n\r\n\r\n\r\n<p>&nbsp;<\/p>\r\n\r\n\r\n\r\n<ul class=\"wp-block-list\">\r\n<li>Vaata m\u00fc\u00fcki riikide l\u00f5ikes<\/li>\r\n<li>Otsi kadunud\/\u00fclekirjutatud\/kustutatud arveid ja kandeid<\/li>\r\n<li>Koosta Intrastat aruanded<\/li>\r\n<li>J\u00e4lgi ladudevahelisi liikumisi<\/li>\r\n<li>Vaata e-mailide staatust (n\u00e4iteks saadetud saldoteatised)<\/li>\r\n<\/ul>\r\n\r\n\r\n\r\n<div class=\"wp-block-spacer\" style=\"height: 52px;\" aria-hidden=\"true\">\u00a0<\/div>\r\n\r\n\r\n\r\n<h2 class=\"has-text-align-left wp-block-heading\"><strong><a href=\"https:\/\/www.erplybooks.com\/et\/juhendid\/perioodilised-arved\/\">V\u00f5lgade j\u00e4lgimine<\/a><\/strong><\/h2>\r\n\r\n\r\n\r\n<div class=\"wp-block-image\">\r\n<figure class=\"alignleft is-resized\"><img loading=\"lazy\" decoding=\"async\" class=\"wp-image-15895\" src=\"https:\/\/www.erplybooks.com\/wp-content\/uploads\/2019\/04\/v6lad.png\" alt=\"\" width=\"507\" height=\"265\" \/><\/figure>\r\n<\/div>\r\n\r\n\r\n\r\n<p><strong><strong>ERPLY Books aitab h\u00f5lpsasti silma peal hoida v\u00f5lglastel ja laekunud ettemaksetel.<\/strong><\/strong><\/p>\r\n\r\n\r\n\r\n<ul class=\"wp-block-list\">\r\n<li>Kliendiraport annab \u00fclevaate klientide makstud ja maksmata arvete kohta: saab j\u00e4lgida, mis kliendid j\u00e4\u00e4vad v\u00f5lgu ja kellega peab eraldi tegelema<\/li>\r\n<li>Saada klientidele regulaarselt meeldetuletusi ja saldoteatisi<\/li>\r\n<li>Saada automaatseid maksemeenutusi<\/li>\r\n<\/ul>\r\n\r\n\r\n\r\n<div class=\"wp-block-spacer\" style=\"height: 52px;\" aria-hidden=\"true\">\u00a0<\/div>\r\n\r\n\r\n\r\n<h2 class=\"has-text-align-left wp-block-heading\"><strong>Arvete kinnitamine<\/strong><\/h2>\r\n\r\n\r\n\r\n<p><strong><a href=\"https:\/\/www.erplybooks.com\/et\/juhendid\/arvete-kinnitamine\/\"><strong>Arvete kinnitusring<\/strong><\/a><strong> v\u00f5imaldab j\u00e4lgida, kes ja millal on arved kinnitanud v\u00f5i tagasi l\u00fckanud. Selle kaudu saab v\u00e4hendada valede arvete tasumise riski. <\/strong><\/strong><\/p>\r\n\r\n\r\n\r\n<ul class=\"wp-block-list\">\r\n<li>M\u00e4\u00e4ra endale vajalikud kinnitusringi reeglid<\/li>\r\n<li>M\u00e4\u00e4ra, kellele ja mis j\u00e4rjekorras arve kinnitamise email saadetakse<\/li>\r\n<li>Kasutades <a href=\"https:\/\/www.erplybooks.com\/et\/juhendid\/ostuarvete-automatiseerimine\/\">ostuarvete postkasti<\/a>, saad importida ostuarved otse ERPLY Booksi, kus saab neid kinnitada v\u00f5i tagasi l\u00fckata. Samal ajal on avatud arve PDF vaade<\/li>\r\n<li>Dokumentide digitaalne arhiveerimine<\/li>\r\n<\/ul>\r\n\r\n\r\n\r\n<div class=\"wp-block-spacer\" style=\"height: 52px;\" aria-hidden=\"true\">\u00a0<\/div>\r\n\r\n\r\n\r\n<h2 class=\"has-text-align-right wp-block-heading\"><strong>Suhtarvud<\/strong><\/h2>\r\n\r\n\r\n\r\n<div class=\"wp-block-image\">\r\n<figure class=\"alignright is-resized\"><img loading=\"lazy\" decoding=\"async\" class=\"wp-image-15910\" src=\"https:\/\/www.erplybooks.com\/wp-content\/uploads\/2019\/04\/kpi.png\" alt=\"\" width=\"491\" height=\"354\" \/><\/figure>\r\n<\/div>\r\n\r\n\r\n\r\n<p><strong>Ligi <\/strong><a href=\"https:\/\/www.erplybooks.com\/et\/eterply-books-raamatupidamistarkvara-funktsioonid\/\"><strong>50 erinevat suhtarvu<\/strong><\/a><strong> saab vastavalt oma soovile v\u00e4lja v\u00f5tta ja ka graafikult vaadata.<\/strong><\/p>\r\n\r\n\r\n\r\n<p>&nbsp;<\/p>\r\n\r\n\r\n\r\n<ul class=\"wp-block-list\">\r\n<li>Tavap\u00e4rased finantssuhtarvud ROE, ROA, ROR<\/li>\r\n<li>Likviidsuse, pankroti ja muud suhtarvud<\/li>\r\n<li>V\u00f5imalus on v\u00f5rrelda erinevaid aastaid ja n\u00e4ha tulemusi projektide l\u00f5ikes<\/li>\r\n<\/ul>\r\n\r\n\r\n\r\n<div class=\"wp-block-spacer\" style=\"height: 52px;\" aria-hidden=\"true\">\u00a0<\/div>\r\n\r\n\r\n\r\n<h2 class=\"has-text-align-left wp-block-heading\"><strong>P\u00f5hivarad<\/strong><\/h2>\r\n\r\n\r\n\r\n<div class=\"wp-block-image\">\r\n<figure class=\"alignleft is-resized\"><img loading=\"lazy\" decoding=\"async\" class=\"wp-image-15915\" src=\"https:\/\/www.erplybooks.com\/wp-content\/uploads\/2019\/04\/p6hivara.png\" alt=\"\" width=\"528\" height=\"275\" \/><\/figure>\r\n<\/div>\r\n\r\n\r\n\r\n<p><strong><a href=\"https:\/\/www.erplybooks.com\/et\/juhendid\/pohivarad\/\"><strong>P\u00f5hivarade <\/strong><\/a><strong>moodul aitab hallata ettev\u00f5tte p\u00f5hivarasid &#8211; neid arvele v\u00f5tta, arvutada amortisatsiooni.<\/strong><\/strong><\/p>\r\n\r\n\r\n\r\n<ul class=\"wp-block-list\">\r\n<li>P\u00f5hivarade arvelev\u00f5tmisel saab andmed importida otse Excelist kopeerides<\/li>\r\n<li>Lisaks saab arvestada v\u00e4ikevahendeid<\/li>\r\n<li>P\u00f5hivarade j\u00e4lgimine <a href=\"https:\/\/www.erplybooks.com\/et\/?s=projektid\">projektidega<\/a><\/li>\r\n<\/ul>\r\n\r\n\r\n\r\n<div class=\"wp-block-spacer\" style=\"height: 52px;\" aria-hidden=\"true\">\u00a0<\/div>\r\n\r\n\r\n\r\n<h2 class=\"has-text-align-right wp-block-heading\"><strong>Aruandev isik<\/strong><\/h2>\r\n\r\n\r\n\r\n<div class=\"wp-block-image\">\r\n<figure class=\"alignright is-resized\"><img loading=\"lazy\" decoding=\"async\" class=\"wp-image-15920\" src=\"https:\/\/www.erplybooks.com\/wp-content\/uploads\/2019\/04\/aruandevisik.png\" alt=\"\" width=\"480\" height=\"250\" \/><\/figure>\r\n<\/div>\r\n\r\n\r\n\r\n<p><strong><a href=\"https:\/\/www.erplybooks.com\/et\/?page_id=244\"><strong>Aruandev isik<\/strong><\/a><strong> on keegi, kellele antakse raha organisatsiooniga seotud majandustehingute tegemiseks v\u00f5i kellele tasutakse tema poolt tehtud majandustehingute eest. Tihti on selleks erinevad ettev\u00f5tte t\u00f6\u00f6tajad. <\/strong><\/strong><\/p>\r\n\r\n\r\n\r\n<ul class=\"wp-block-list\">\r\n<li>Sisesta k\u00f5ik tehingud nii, et \u00fche t\u00f6\u00f6taja kohta tuleb igas kuus vaid \u00fcks aruandva isiku ostudokument<\/li>\r\n<li>Sisesta k\u00f5ik ostud aruandva isiku nimele, isegi siis kui ta kasutas firma kaarti<\/li>\r\n<li>Arhiveeri k\u00f5ik dokumendid \u2013 paberdokumendi puhul tee telefoniga pilt ja lae see \u00fcles. Sel moel ei pea kartma dokumentide kadumist<\/li>\r\n<li>Prindi korra kuus v\u00e4lja dokument, mille saad anda t\u00f6\u00f6tajale allkirjastamiseks<\/li>\r\n<li>Lisaks muud t\u00f6\u00f6tajaga seotud toimingud (avanss, palk jne.)<\/li>\r\n<\/ul>\r\n\r\n\r\n\r\n<div class=\"wp-block-spacer\" style=\"height: 52px;\" aria-hidden=\"true\">\u00a0<\/div>\r\n\r\n\r\n\r\n<h2 class=\"wp-block-heading\"><strong>Pilvep\u00f5hine platvorm<\/strong><\/h2>\r\n\r\n\r\n\r\n<div class=\"wp-block-image\">\r\n<figure class=\"alignleft\"><img loading=\"lazy\" decoding=\"async\" width=\"629\" height=\"339\" class=\"wp-image-15963\" src=\"https:\/\/www.erplybooks.com\/wp-content\/uploads\/2019\/04\/platvorm.png\" alt=\"\" \/><\/figure>\r\n<\/div>\r\n\r\n\r\n\r\n<p><strong><strong>ERPLY Booksi pilvep\u00f5hine tarkvara v\u00f5imaldab ligip\u00e4\u00e4su andmete igal ajal ja igas kohas.<\/strong><\/strong><\/p>\r\n\r\n\r\n\r\n<ul class=\"wp-block-list\">\r\n<li>ERPLY Booksi saab kasutada igast kohast ja seadmest, kus on internet ja veebilehitseja<\/li>\r\n<li>Tarkvara on pidevalt uuenev ja uuendused toimuvad reaalajas\u00a0<\/li>\r\n<\/ul>\r\n\r\n\r\n\r\n<div class=\"wp-block-spacer\" style=\"height: 52px;\" aria-hidden=\"true\">\u00a0<\/div>\r\n\r\n\r\n\r\n<h2 class=\"has-text-align-right wp-block-heading\"><strong>Integreeri ja \u00fchenda<\/strong><\/h2>\r\n\r\n\r\n\r\n<div class=\"wp-block-image\">\r\n<figure class=\"alignright\"><img loading=\"lazy\" decoding=\"async\" width=\"387\" height=\"352\" class=\"wp-image-15970\" src=\"https:\/\/www.erplybooks.com\/wp-content\/uploads\/2019\/04\/integreeri.png\" alt=\"\" \/><\/figure>\r\n<\/div>\r\n\r\n\r\n\r\n<p><strong>ERPLY Books sisaldab <\/strong><a href=\"https:\/\/www.erplybooks.com\/et\/api\/\"><strong>API<\/strong><\/a><strong> kihti, mis v\u00f5imaldab \u00fchendada erinevaid tarkvarasid ERPLY Booksiga.\u00a0<\/strong><\/p>\r\n\r\n\r\n\r\n<ul class=\"wp-block-list\">\r\n<li>S\u00fcnkroniseeri API kaudu kolmandalt osapoolelt arved ERPLY Booksi<\/li>\r\n<li>Impordi teistest tarkvaradest andmed ERPLY Booksi ostuarvete postkasti.<\/li>\r\n<li>Kui Sul on aga tarvis saada koondandmed teise tarkvarasse, saad disainida t\u00e4pselt sellise koondaruande nagu Sul tarvis ja seda vastavalt vajadusele v\u00e4lja v\u00f5tta<\/li>\r\n<\/ul>\r\n\r\n\r\n\r\n<div class=\"wp-block-spacer\" style=\"height: 52px;\" aria-hidden=\"true\">\u00a0<\/div>\r\n\r\n\r\n\r\n<h2 class=\"wp-block-heading\"><strong>E-arved<\/strong><\/h2>\r\n\r\n\r\n\r\n<div class=\"wp-block-image\">\r\n<figure class=\"alignleft\"><img loading=\"lazy\" decoding=\"async\" width=\"582\" height=\"473\" class=\"wp-image-15976\" src=\"https:\/\/www.erplybooks.com\/wp-content\/uploads\/2019\/04\/earve.png\" alt=\"\" \/><\/figure>\r\n<\/div>\r\n\r\n\r\n\r\n<p><strong><strong>ERPLY Books toetab Fitek ja <\/strong><a href=\"https:\/\/www.erplybooks.com\/et\/finbite-integratsioon\/\"><strong>Omniva <\/strong><\/a><strong>e-arvete lahendusi. Arvete automaatne t\u00f6\u00f6tlemine hoiab Sinu aega kokku k\u00e4sitsi sisestamise arvelt.<\/strong><\/strong><\/p>\r\n\r\n\r\n\r\n<ul class=\"wp-block-list\">\r\n<li>Saada m\u00fc\u00fcgiarved e-arve operaatorile<\/li>\r\n<li>T\u00f5mba ostuarved e-arve operaatorilt<\/li>\r\n<li>Lisa reeglid automaatseks arve sisestuseks, kui fail postkasti j\u00f5uab<\/li>\r\n<\/ul>\r\n\r\n\r\n\r\n<div class=\"wp-block-spacer\" style=\"height: 52px;\" aria-hidden=\"true\">\u00a0<\/div>\r\n\r\n\r\n\r\n<h2 class=\"has-text-align-right wp-block-heading\"><strong>Frantsiisijuhile<\/strong><\/h2>\r\n\r\n\r\n\r\n<div class=\"wp-block-image\">\r\n<figure class=\"alignright\"><img loading=\"lazy\" decoding=\"async\" width=\"583\" height=\"532\" class=\"wp-image-15981\" src=\"https:\/\/www.erplybooks.com\/wp-content\/uploads\/2019\/04\/zskoor.png\" alt=\"\" \/><\/figure>\r\n<\/div>\r\n\r\n\r\n\r\n<p><strong><strong>ERPLY Books on raamatupidamistarkvara, mis v\u00f5imaldab sooritada k\u00f5iki raamatupidamiseks vajalikke operatsioone. Ettev\u00f5tted saavad kasutada ERPLY Booksi keskse raamatupidamiss\u00fcsteemina \u2013 kogu informatsioon, dokumendid ja aruanded on \u00fches kohas koos.<\/strong><\/strong><\/p>\r\n\r\n\r\n\r\n<ul class=\"wp-block-list\">\r\n<li>Kogudes kokku ettev\u00f5tete finants- ja maksuaruanded, saad n\u00e4ha nimekirja ettev\u00f5tetest, kes ei ole aruandeid esitanud<\/li>\r\n<li>Integreeritud maksmata ostuarved ja laekumata m\u00fc\u00fcgiarved<\/li>\r\n<li>Kasuta <a href=\"https:\/\/www.erplybooks.com\/et\/eterply-books-raamatupidamistarkvara-funktsioonid\/\">suhtarve<\/a>, et n\u00e4ha ettev\u00f5tte finantsilisi detaile:\r\n<ul>\r\n<li>N\u00e4ed ettev\u00f5tteid, kelle osakondadel \/ poodidel on oht pankrotti minna (Kasutades Altman Z skoori)<\/li>\r\n<li>Statistika ettev\u00f5tete l\u00e4bip\u00f5lemise kiiruse kohta<\/li>\r\n<li>Saad teada ettev\u00f5tted, kellel l\u00e4heb k\u00f5ige paremini ning need, kes vajavad lisatug<\/li>\r\n<\/ul>\r\n<\/li>\r\n<\/ul>\r\n\r\n<p>&nbsp;<\/p>\r\n<p>&nbsp;<\/p>\r\n<p>&nbsp;<\/p>\r\n<p style=\"text-align: center;\">\u00a0<a class=\"btn-filled btn\" href=\"https:\/\/app.erplybooks.com\/register\" target=\"_blank\" rel=\"noopener noreferrer\">Proovi tasuta<\/a><\/p>\r\n\r\n<p>&nbsp;<\/p>\r\n","protected":false},"excerpt":{"rendered":"<p>Raamatupidamistarkvara suurele ettev\u00f5ttele &#8211; kohanda tarkvara endale sobivaks! Igap\u00e4evane raamatupidamine Baasfunktsioonid kontoplaanist pearaamatu ja k\u00e4ibeandmikuni Arvete ja laekumiste haldamine \u2013 t\u00e4isautomatiseerimise v\u00f5imalused Aruandlus erinevatele tasemetele: raamatupidaja, ettev\u00f5tte juht, audiitor, frantsiisi juhataja Paindlikkus &nbsp; Kui lood uue firma, siis saad kohandada vaikimisi seadistatud reegleid Sulle sobivaks: Seadista kontoplaan, k\u00e4ibemaksud, artiklid, lisa neile omavahelised reeglid Koosta ise [&hellip;]<\/p>\n","protected":false},"author":3,"featured_media":0,"parent":0,"menu_order":0,"comment_status":"closed","ping_status":"closed","template":"","meta":{"_et_pb_use_builder":"","_et_pb_old_content":"","_et_gb_content_width":"","footnotes":""},"categories":[1165],"tags":[885,846],"class_list":["post-15818","page","type-page","status-publish","hentry","category-tarkvara","tag-ettevotte","tag-raamatupidamistarkvara"],"_links":{"self":[{"href":"https:\/\/www.erplybooks.com\/et\/wp-json\/wp\/v2\/pages\/15818","targetHints":{"allow":["GET"]}}],"collection":[{"href":"https:\/\/www.erplybooks.com\/et\/wp-json\/wp\/v2\/pages"}],"about":[{"href":"https:\/\/www.erplybooks.com\/et\/wp-json\/wp\/v2\/types\/page"}],"author":[{"embeddable":true,"href":"https:\/\/www.erplybooks.com\/et\/wp-json\/wp\/v2\/users\/3"}],"replies":[{"embeddable":true,"href":"https:\/\/www.erplybooks.com\/et\/wp-json\/wp\/v2\/comments?post=15818"}],"version-history":[{"count":0,"href":"https:\/\/www.erplybooks.com\/et\/wp-json\/wp\/v2\/pages\/15818\/revisions"}],"wp:attachment":[{"href":"https:\/\/www.erplybooks.com\/et\/wp-json\/wp\/v2\/media?parent=15818"}],"wp:term":[{"taxonomy":"category","embeddable":true,"href":"https:\/\/www.erplybooks.com\/et\/wp-json\/wp\/v2\/categories?post=15818"},{"taxonomy":"post_tag","embeddable":true,"href":"https:\/\/www.erplybooks.com\/et\/wp-json\/wp\/v2\/tags?post=15818"}],"curies":[{"name":"wp","href":"https:\/\/api.w.org\/{rel}","templated":true}]}}