{"id":15789,"date":"2019-03-14T12:21:08","date_gmt":"2019-03-14T12:21:08","guid":{"rendered":"http:\/\/www.erplybooks.com\/?page_id=15789"},"modified":"2023-07-05T11:43:03","modified_gmt":"2023-07-05T11:43:03","slug":"koosta-ise-juhtimisaruanded-ja-kiirenda-paringute-kiirust-kumnetes-kordades","status":"publish","type":"page","link":"https:\/\/www.erplybooks.com\/et\/lisamoodulid\/koosta-ise-juhtimisaruanded-ja-kiirenda-paringute-kiirust-kumnetes-kordades\/","title":{"rendered":"Koosta ise juhtimisaruandeid ja kiirenda p\u00e4ringuid k\u00fcmneid kordi"},"content":{"rendered":"\r\n<h1 class=\"wp-block-heading\">Koosta ise juhtimisaruandeid ja kiirenda p\u00e4ringuid k\u00fcmneid kordi<\/h1>\r\n<h2>Miks uued pluginad?<\/h2>\r\n\r\n\r\n\r\n<p>Kui Sul on iga kuu tuhandeid arveid ja kasutusel mitmeid projekte, siis ERPLY Books&#8217;i vaikimisi versioon v\u00f5ib aruannete kiiruse-paindlikkuse ja t\u00e4ielikkuse juures v\u00e4heks j\u00e4\u00e4da. Selle jaoks on olemas ERPLY Book&#8217;sis erinevad pluginad ehk lisav\u00f5imalused, mis on loodud selleks, et saaks koostada aruandeid stiilis \u201cn\u00e4ita graafikul klientide m\u00fc\u00fcki aasta l\u00f5ikes\u201d, \u201cn\u00e4ita graafikul pangakontode saldosid p\u00e4evade l\u00f5ikes\u201d jne. Pluginad seovad omavahel andmeid ja seet\u00f5ttu teevad palju rohkemat kui juhtimisaruanded &#8211; kiirendavad k\u00f5iki kompleksp\u00e4ringuid kuni 100 korda.<\/p>\r\n<p>&nbsp;<\/p>\r\n\r\n\r\n\r\n<h2 class=\"wp-block-heading\">Pluginad eraldi<\/h2>\r\n\r\n\r\n\r\n<h3 class=\"wp-block-heading\">Kande lisaindeksite plugin &#8211; 99 EUR<\/h3>\r\n\r\n\r\n\r\n<p>Kannete lisaindeksite plugin v\u00f5imaldab koostada j\u00e4rgmisi aruandeid:<\/p>\r\n\r\n\r\n\r\n<ul class=\"wp-block-list\">\r\n<li style=\"list-style-type: none;\">\r\n<ul>\r\n<li>N\u00e4ita artiklite m\u00fc\u00fcki\/ostu p\u00e4evade l\u00f5ikes<\/li>\r\n<li>N\u00e4ita artiklite m\u00fc\u00fcki\/ostu kuude l\u00f5ikes<\/li>\r\n<li>N\u00e4ita klientide laekumisi p\u00e4evade l\u00f5ikes<\/li>\r\n<li>N\u00e4ita klientide laekumisi kuude l\u00f5ikes<\/li>\r\n<li>Filtreeri k\u00e4ibemaksuaruandes kande t\u00fc\u00fcbi j\u00e4rgi &#8211; vajalik eristamaks ettemaksu k\u00e4ibemaksu<\/li>\r\n<li>Jne<\/li>\r\n<\/ul>\r\n<\/li>\r\n<\/ul>\r\n\r\n\r\n\r\n<p>Lisaindeksite plugin kiirendab ka pearaamatu, kannete registri, artiklite raporti ja k\u00e4ibemaksup\u00e4inguid.<\/p>\r\n\r\n\r\n\r\n<h3 class=\"wp-block-heading\">Arvete lisaindeksite plugin &#8211; 199 EUR<\/h3>\r\n\r\n\r\n\r\n<p>Arvete lisaindeksite plugin v\u00f5imaldab koostada j\u00e4rgmisi aruandeid:<\/p>\r\n\r\n\r\n\r\n<ul class=\"wp-block-list\">\r\n<li style=\"list-style-type: none;\">\r\n<ul>\r\n<li>N\u00e4ita m\u00fc\u00fcki kuude l\u00f5ikes<\/li>\r\n<li>N\u00e4ita klientide m\u00fc\u00fck kuude l\u00f5ikes<\/li>\r\n<li>N\u00e4ita m\u00fc\u00fcki p\u00e4evade l\u00f5ikes<\/li>\r\n<li>N\u00e4ita klientide m\u00fc\u00fcki p\u00e4evade l\u00f5ikes<\/li>\r\n<li>Jne<\/li>\r\n<\/ul>\r\n<\/li>\r\n<\/ul>\r\n\r\n\r\n\r\n<p>Plugin kiirendab ka arvete otsinguid &#8211; s\u00f5ltuvalt p\u00e4ringu keerukusest v\u00f5ib kiirus kasvada 10 kuni 100 korda.<\/p>\r\n\r\n\r\n\r\n<h3 class=\"wp-block-heading\">Kontosaldode plugin &#8211; 299 EUR<\/h3>\r\n\r\n\r\n\r\n<p>Teadup\u00e4rast raamatupidamiskonto saldo tuleb tema kogu ajaloo tehingute koondina. Seega kui on vaja saldosid aruannetes kuvada, siis tihtipeale on lihtsam need Excelisse v\u00f5tta ja seal edasi anal\u00fc\u00fcsida. Kontosaldode plugin on m\u00f5eldud selleks, et saaks k\u00f5ikv\u00f5imalikud p\u00e4ringud otse ERPLY Books&#8217;is teha:<\/p>\r\n\r\n\r\n\r\n<ul class=\"wp-block-list\">\r\n<li style=\"list-style-type: none;\">\r\n<ul>\r\n<li>N\u00e4ita rahakontode saldosid iga kuu alguses graafikul<\/li>\r\n<li>N\u00e4ita rahasaldosid p\u00e4evade l\u00f5ikes<\/li>\r\n<li>N\u00e4ita, kuidas n\u00f5uded ostjatele kasvab\/kahaneb aasta jooksul<\/li>\r\n<li>Lisa \u00fchele graafikule n\u00f5uded ostjatele ja v\u00f5lad tarnijatele aasta l\u00f5ikes<\/li>\r\n<li>Jne<\/li>\r\n<\/ul>\r\n<\/li>\r\n<\/ul>\r\n\r\n\r\n\r\n<p>Kuna saldode plugin hoiab saldosid m\u00e4lus, siis kiirenevad ka k\u00f5ik p\u00e4ringud, kus kontosaldosid on tarvis teada &#8211; kiirus v\u00f5ib kasvada kuni 100 korda.<\/p>\r\n\r\n\r\n\r\n<p>M\u00f5istlik on enne seda panna kannetele peale \u00fcmardusmehhanismi, mis \u00fcmardab k\u00f5ik kanded kahe komakohani.<\/p>\r\n\r\n\r\n\r\n<h3 class=\"wp-block-heading\">Projektiaruannete plugin &#8211; 299 EUR<\/h3>\r\n\r\n\r\n\r\n<p>Projektide moodul t\u00f6\u00f6tab &#8211; igas aruandes saad filtreerida ja lisa projekte. K\u00fcll aga kui on tarvis koondaruandeid, siis projektide moodulid pole seda t\u00e4na v\u00f5imaldanud. Selle jaoks on projektiaruannete plugin, mis projektide p\u00e4ringuid kiirendab ja v\u00f5imaldab koostada j\u00e4rgmisi n\u00e4iteid:<\/p>\r\n\r\n\r\n\r\n<ul class=\"wp-block-list\">\r\n<li style=\"list-style-type: none;\">\r\n<ul>\r\n<li>N\u00e4ita tulu-kulu-kasumit projektide l\u00f5ikes<\/li>\r\n<li>N\u00e4ita projektigrupi k\u00f5iki projekte graafikul<\/li>\r\n<li>N\u00e4ita kulusid projektide l\u00f5ikes<\/li>\r\n<li>N\u00e4ita tulusid projektide l\u00f5ikes<\/li>\r\n<li>Jne<\/li>\r\n<\/ul>\r\n<\/li>\r\n<\/ul>\r\n\r\n\r\n\r\n<p>Projektide kohta on olemas ka inglisekeelne <a href=\"https:\/\/www.erplybooks.com\/manuals\/how-to-analyse-your-projects-using-report-generator\/\">juhend<\/a>, kus need v\u00f5imalused on eraldi v\u00e4lja toodud.\u00a0<\/p>\r\n\r\n\r\n\r\n<h2 class=\"wp-block-heading\">Koondpaketi hind<\/h2>\r\n\r\n\r\n\r\n<p><strong>Kogupaketi maksumus on 799 EUR. <\/strong><\/p>\r\n\r\n\r\n\r\n<p>Pluginate aktiveerimine k\u00e4ib ERPLY Books meeskonna poolt. Pluginate aktiveerimisega k\u00e4ib kaasas ka kiirkonsultatsioon, et \u00fcle vaadata, kas on m\u00f5istlik luua projektigrupid, millised aruanded lisada jne.<\/p>\r\n\r\n\r\n\r\n<p>Selleks, et pluginad aktiveerida, kirjuta <a href=\"mailto:info@erplybooks.com\">info@erplybooks.com<\/a>.<\/p>\r\n\r\n\r\n\r\n<p><strong>NB:<\/strong> pluginate hind on \u00fchekordne ja k\u00f5ikidele hindadele lisandub k\u00e4ibemaks.<\/p>\r\n","protected":false},"excerpt":{"rendered":"<p>Koosta ise juhtimisaruandeid ja kiirenda p\u00e4ringuid k\u00fcmneid kordi Miks uued pluginad? Kui Sul on iga kuu tuhandeid arveid ja kasutusel mitmeid projekte, siis ERPLY Books&#8217;i vaikimisi versioon v\u00f5ib aruannete kiiruse-paindlikkuse ja t\u00e4ielikkuse juures v\u00e4heks j\u00e4\u00e4da. Selle jaoks on olemas ERPLY Book&#8217;sis erinevad pluginad ehk lisav\u00f5imalused, mis on loodud selleks, et saaks koostada aruandeid stiilis \u201cn\u00e4ita [&hellip;]<\/p>\n","protected":false},"author":3,"featured_media":0,"parent":15786,"menu_order":0,"comment_status":"closed","ping_status":"closed","template":"","meta":{"_et_pb_use_builder":"","_et_pb_old_content":"","_et_gb_content_width":"","footnotes":""},"categories":[451],"tags":[610,609],"class_list":["post-15789","page","type-page","status-publish","hentry","category-aruandlus","tag-aruanne","tag-paring"],"_links":{"self":[{"href":"https:\/\/www.erplybooks.com\/et\/wp-json\/wp\/v2\/pages\/15789","targetHints":{"allow":["GET"]}}],"collection":[{"href":"https:\/\/www.erplybooks.com\/et\/wp-json\/wp\/v2\/pages"}],"about":[{"href":"https:\/\/www.erplybooks.com\/et\/wp-json\/wp\/v2\/types\/page"}],"author":[{"embeddable":true,"href":"https:\/\/www.erplybooks.com\/et\/wp-json\/wp\/v2\/users\/3"}],"replies":[{"embeddable":true,"href":"https:\/\/www.erplybooks.com\/et\/wp-json\/wp\/v2\/comments?post=15789"}],"version-history":[{"count":0,"href":"https:\/\/www.erplybooks.com\/et\/wp-json\/wp\/v2\/pages\/15789\/revisions"}],"up":[{"embeddable":true,"href":"https:\/\/www.erplybooks.com\/et\/wp-json\/wp\/v2\/pages\/15786"}],"wp:attachment":[{"href":"https:\/\/www.erplybooks.com\/et\/wp-json\/wp\/v2\/media?parent=15789"}],"wp:term":[{"taxonomy":"category","embeddable":true,"href":"https:\/\/www.erplybooks.com\/et\/wp-json\/wp\/v2\/categories?post=15789"},{"taxonomy":"post_tag","embeddable":true,"href":"https:\/\/www.erplybooks.com\/et\/wp-json\/wp\/v2\/tags?post=15789"}],"curies":[{"name":"wp","href":"https:\/\/api.w.org\/{rel}","templated":true}]}}