{"id":15786,"date":"2019-03-14T12:14:34","date_gmt":"2019-03-14T12:14:34","guid":{"rendered":"http:\/\/www.erplybooks.com\/?page_id=15786"},"modified":"2023-07-31T21:22:22","modified_gmt":"2023-07-31T21:22:22","slug":"lisamoodulid","status":"publish","type":"page","link":"https:\/\/www.erplybooks.com\/et\/lisamoodulid\/","title":{"rendered":"Lisamoodulid"},"content":{"rendered":"<p><span style=\"color: #000000;\"><\/span><\/p>\r\n<h1>Lisamoodulid<\/h1>\r\n<p>&nbsp;<\/p>\r\n<p><span style=\"color: #000000;\"><a style=\"color: #000000;\" href=\"https:\/\/www.erplybooks.com\/et\/aruanded-emailile-lisamoodul\/\">Aruanded e-mailile plugin<\/a><br \/><\/span><a style=\"color: #000000;\" href=\"https:\/\/www.erplybooks.com\/et\/arvete-importimise-juurutamine\/\">Arvete importimise juurutamine<\/a><br \/><span style=\"color: #000000;\"><a style=\"color: #000000;\" href=\"https:\/\/www.erplybooks.com\/et\/%d0%b0%d0%b2%d1%82%d0%be%d0%bc%d0%b0%d1%82%d0%b8%d0%b7%d0%b8%d1%80%d1%83%d0%b9%d1%82%d0%b5-%d1%80%d0%b0%d0%b1%d0%be%d1%82%d1%83-%d0%b1%d1%83%d1%85%d0%b3%d0%b0%d0%bb%d1%82%d0%b5%d1%80%d0%b0-%d0%be\/\">Automatiseeri raamatupidaja \u00fcks p\u00e4ev n\u00e4dalas<\/a><br \/><\/span><span style=\"color: #000000;\"><a style=\"color: #000000;\" href=\"https:\/\/www.erplybooks.com\/et\/ebatoenaoliselt-laekumata-arvete-moodul\/\">Ebat\u00f5en\u00e4oliselt laekumata arvete moodul<\/a><br \/><\/span><a style=\"color: #000000;\" href=\"https:\/\/www.erplybooks.com\/et\/ettemaksu-kaibemaksu-lisafunktsionaalsus\/\">Ettemaksu k\u00e4ibemaksu lisafunktsionaalsus<\/a><br \/><a style=\"color: #000000;\" href=\"https:\/\/www.erplybooks.com\/et\/massiline-ettemaksude-kasutamine\/\">Ettemaksude massiline kasutamine<\/a><br \/><a style=\"color: #000000;\" href=\"https:\/\/www.erplybooks.com\/et\/kontaktide-loomine-otse-arve-peal\/\">Kontaktide loomine otse arve peal<\/a><br \/><a style=\"color: #000000;\" href=\"https:\/\/www.erplybooks.com\/et\/lisamoodulid\/koosta-ise-juhtimisaruanded-ja-kiirenda-paringute-kiirust-kumnetes-kordades\/\">Koosta ise juhtimisaruandeid ja kiirenda p\u00e4ringute kiirust k\u00fcmnetes kordades<\/a><br \/><a style=\"color: #000000;\" href=\"https:\/\/www.erplybooks.com\/et\/ostuarvete-postkastis-erply-lao-arvete-loomine\/\">Ostuarvete postkastis ERPLY lao arvete loomine<\/a><br \/><a style=\"color: #000000;\" href=\"https:\/\/www.erplybooks.com\/et\/pangasaldo-kinnitamine-pangaimpordis\/\">Pangasaldo kinnitamine pangaimpordis<\/a><br \/><span style=\"color: #000000;\"><a style=\"color: #000000;\" href=\"https:\/\/www.erplybooks.com\/et\/projektigruppide-aruandlus\/\">Projektigruppide aruandlus<\/a><br \/><\/span><span style=\"color: #000000;\"><a style=\"color: #000000;\" href=\"https:\/\/www.erplybooks.com\/et\/valuutaaruanded\/\">Valuutaaruanded<\/a><br \/><\/span><span style=\"color: #000000;\"><a style=\"color: #000000;\" href=\"https:\/\/www.erplybooks.com\/et\/lisamoodulid\/viivisarved\/\">Viivisarved<\/a><br \/><\/span><span style=\"color: #000000;\"><a style=\"color: #000000;\" href=\"https:\/\/www.erplybooks.com\/et\/jaatmekaitlus-erply-booksis\/\">J\u00e4\u00e4tmek\u00e4itlus<\/a><br \/><span style=\"color: #000000;\"><a style=\"color: #000000;\" href=\"https:\/\/www.erplybooks.com\/et\/kohandatud-valuutakursid\/\">Kohandatud valuutakursid<\/a> <\/span><\/span><\/p>\r\n<p><span style=\"color: #000000;\">\r\n\r\n<\/span><\/p>\r\n<p><span style=\"color: #000000;\">\r\n\r\n<\/span><\/p>\r\n<p><span style=\"color: #000000;\">\r\n\r\n<\/span><\/p>\r\n<p><span style=\"color: #000000;\"><\/span><\/p>","protected":false},"excerpt":{"rendered":"<p>Lisamoodulid &nbsp; Aruanded e-mailile pluginArvete importimise juurutamineAutomatiseeri raamatupidaja \u00fcks p\u00e4ev n\u00e4dalasEbat\u00f5en\u00e4oliselt laekumata arvete moodulEttemaksu k\u00e4ibemaksu lisafunktsionaalsusEttemaksude massiline kasutamineKontaktide loomine otse arve pealKoosta ise juhtimisaruandeid ja kiirenda p\u00e4ringute kiirust k\u00fcmnetes kordadesOstuarvete postkastis ERPLY lao arvete loominePangasaldo kinnitamine pangaimpordisProjektigruppide aruandlusValuutaaruandedViivisarvedJ\u00e4\u00e4tmek\u00e4itlusKohandatud valuutakursid<\/p>\n","protected":false},"author":3,"featured_media":0,"parent":0,"menu_order":0,"comment_status":"closed","ping_status":"closed","template":"","meta":{"_et_pb_use_builder":"","_et_pb_old_content":"","_et_gb_content_width":"","footnotes":""},"categories":[450],"tags":[463,584],"class_list":["post-15786","page","type-page","status-publish","hentry","category-seadistused","tag-lisa","tag-moodul"],"_links":{"self":[{"href":"https:\/\/www.erplybooks.com\/et\/wp-json\/wp\/v2\/pages\/15786","targetHints":{"allow":["GET"]}}],"collection":[{"href":"https:\/\/www.erplybooks.com\/et\/wp-json\/wp\/v2\/pages"}],"about":[{"href":"https:\/\/www.erplybooks.com\/et\/wp-json\/wp\/v2\/types\/page"}],"author":[{"embeddable":true,"href":"https:\/\/www.erplybooks.com\/et\/wp-json\/wp\/v2\/users\/3"}],"replies":[{"embeddable":true,"href":"https:\/\/www.erplybooks.com\/et\/wp-json\/wp\/v2\/comments?post=15786"}],"version-history":[{"count":0,"href":"https:\/\/www.erplybooks.com\/et\/wp-json\/wp\/v2\/pages\/15786\/revisions"}],"wp:attachment":[{"href":"https:\/\/www.erplybooks.com\/et\/wp-json\/wp\/v2\/media?parent=15786"}],"wp:term":[{"taxonomy":"category","embeddable":true,"href":"https:\/\/www.erplybooks.com\/et\/wp-json\/wp\/v2\/categories?post=15786"},{"taxonomy":"post_tag","embeddable":true,"href":"https:\/\/www.erplybooks.com\/et\/wp-json\/wp\/v2\/tags?post=15786"}],"curies":[{"name":"wp","href":"https:\/\/api.w.org\/{rel}","templated":true}]}}