{"id":15757,"date":"2019-02-25T15:31:36","date_gmt":"2019-02-25T15:31:36","guid":{"rendered":"http:\/\/www.erplybooks.com\/?page_id=15757"},"modified":"2024-08-13T11:13:22","modified_gmt":"2024-08-13T11:13:22","slug":"kande-mallid","status":"publish","type":"page","link":"https:\/\/www.erplybooks.com\/et\/juhendid\/kande-mallid\/","title":{"rendered":"Kande mallid"},"content":{"rendered":"<h1>Kande mallid<\/h1>\n<p>&nbsp;<\/p>\n<p><span style=\"font-weight: 400;\">Vaikimisi teeb ERPLY Books arve ja laekumiste-maksmiste kanded valmis vastavalt programmis m\u00e4\u00e4ratud loogikale. N\u00e4iteks ostuarve puhul tehakse kanne:<\/span><\/p>\n<p style=\"padding-left: 40px;\"><span style=\"font-weight: 400;\">K: v\u00f5lad tarnijatele<br \/>\n<\/span><span style=\"font-weight: 400;\">D: kulu, varu, p\u00f5hivara konto<br \/>\n<\/span><span style=\"font-weight: 400;\">D: sisendk\u00e4ibemaks<\/span><\/p>\n<p><span style=\"font-weight: 400;\">Kontosid saab muuta vastavalt vajadusele.\u00a0<\/span><\/p>\n<p><span style=\"font-weight: 400;\">Kui Sulle aga m\u00e4\u00e4ratud kannete loogika ei sobi ja on vajalik koostada teistsuguse loogikaga kanne, siis saab kasutada kande malle. Selle abil saad ise m\u00e4\u00e4rata, millised kanderead peavad tekkima vastavalt Sinu poolt etteantud tingimustele.<\/span><\/p>\n<p><span style=\"font-weight: 400;\">Kande mallid koosnevad kahest osast:<\/span><\/p>\n<ul>\n<li style=\"font-weight: 400;\"><b>Kande mall<\/b><span style=\"font-weight: 400;\"> &#8211; m\u00e4\u00e4rab tingimused, mille puhul koostatakse teistsugune kanne<\/span><\/li>\n<li style=\"font-weight: 400;\"><b>Kande malli elemendid<\/b><span style=\"font-weight: 400;\"> &#8211; m\u00e4\u00e4rab selle, missugune kanne nende tingimuste olemasolul moodustatakse<\/span><\/li>\n<\/ul>\n<p>&nbsp;<\/p>\n<h3><span style=\"font-weight: 400;\">Kuidas kande mallid luuakse?<\/span><\/h3>\n<p><span style=\"font-weight: 400;\">Kande malli loomiseks logi <a href=\"https:\/\/accounting.erply.com\/\">tarkvarasse<\/a> sisse, ava\u00a0<\/span><b>\u201cS\u00e4tted\u201d &gt; \u201c\u00dcldised s\u00e4tted\u201d &gt; \u201cKande mall\u201d. <\/b><span style=\"font-weight: 400;\">Vajuta nuppu <\/span><b>\u201cHalda\u201d<\/b><span style=\"font-weight: 400;\"> ja seej\u00e4rel ilmub aken, kus saad m\u00e4\u00e4rata, mis tingimused peavad tehingu puhul kehtima, et programm kasutaks antud kande malli. N\u00e4iteks on j\u00e4rgmises n\u00e4ites m\u00e4\u00e4ratud kande malli nimeks \u201cErijuhtumi kanne\u201d, mida rakendatakse k\u00f5igi Klient 1-le v\u00e4ljastatud m\u00fc\u00fcgiarvete puhul.<\/span><\/p>\n<p><img loading=\"lazy\" decoding=\"async\" class=\"alignnone wp-image-18847 size-full\" src=\"https:\/\/www.erplybooks.com\/wp-content\/uploads\/2020\/11\/Screen-Shot-2020-10-27-at-10.52.21.png\" alt=\"Kande mallid\" width=\"987\" height=\"215\" \/><\/p>\n<ul>\n<li><b>Aktiveeri <\/b>\n<ul>\n<li style=\"font-weight: 400;\"><span style=\"font-weight: 400;\">Jah &#8211; kande mall on aktiveeritud<\/span><\/li>\n<li style=\"font-weight: 400;\"><span style=\"font-weight: 400;\"><span style=\"font-weight: 400;\">Ei\u00a0 &#8211; kande mall ei ole aktiveeritud<\/span><\/span><\/li>\n<\/ul>\n<\/li>\n<li><b>Dokumendi t\u00fc\u00fcp <\/b><span style=\"font-weight: 400;\"><span style=\"font-weight: 400;\"><span style=\"font-weight: 400;\">&#8211; vali dokumendi t\u00fc\u00fcp, mille puhul seda kande malli kasutatakse<\/span><\/span><\/span><\/li>\n<li><b>Kasuta ainult arvete peal <\/b>\n<ul>\n<li style=\"font-weight: 400;\"><span style=\"font-weight: 400;\">Jah \u2013 kui see on m\u00e4\u00e4ratud, siis kontrollitakse ainult arveid<\/span><\/li>\n<li style=\"font-weight: 400;\"><span style=\"font-weight: 400;\"><span style=\"font-weight: 400;\">Ei \u2013 kui pole arvetega seotud<\/span><\/span><\/li>\n<\/ul>\n<\/li>\n<li style=\"font-weight: 400;\"><b>Kasuta maksete peal <\/b>\n<ul>\n<li style=\"font-weight: 400;\"><span style=\"font-weight: 400;\">Jah \u2013 kasutatakse ainult maksete puhul<\/span><\/li>\n<li style=\"font-weight: 400;\"><span style=\"font-weight: 400;\"><span style=\"font-weight: 400;\">Ei \u2013 ei kasutata ainult maksete puhul<\/span><\/span><\/li>\n<\/ul>\n<\/li>\n<li><b>Makset\u00fc\u00fcp<\/b><span style=\"font-weight: 400;\"><span style=\"font-weight: 400;\"><span style=\"font-weight: 400;\"> &#8211; vali dokumendi t\u00fc\u00fcp, mille puhul seda kande malli kasutatakse<\/span><\/span><\/span><\/li>\n<li><b>Klient \/ Hankija <\/b>\n<ul>\n<li style=\"font-weight: 400;\"><span style=\"font-weight: 400;\">T\u00fchi \u2013 ei kontrollita klienti\/ hankijat<\/span><\/li>\n<li style=\"font-weight: 400;\"><span style=\"font-weight: 400;\"><span style=\"font-weight: 400;\">Valitud \u2013 kande malli kasutatakse ainult siis, kui arvel\/maksmisel on nimetatud klient\/hankija<\/span><\/span><\/li>\n<\/ul>\n<\/li>\n<li><b>Projekt <\/b>\n<ul>\n<li style=\"font-weight: 400;\"><span style=\"font-weight: 400;\">T\u00fchi \u2013 projekti ei kontrollita<\/span><\/li>\n<li style=\"font-weight: 400;\"><span style=\"font-weight: 400;\">Valitud \u2013 kui valitud, siis kontrollitakse, kas m\u00e4\u00e4ratud projekt on olemas. Kui objekt ei sisalda seda projekti, siis seda kande malli ei valita<\/span><\/li>\n<\/ul>\n<\/li>\n<li><b>Konto <\/b>\n<ul>\n<li style=\"font-weight: 400;\"><span style=\"font-weight: 400;\">Maksmiste juures kontrollitakse rahakontot<\/span><\/li>\n<li style=\"font-weight: 400;\"><span style=\"font-weight: 400;\"><span style=\"font-weight: 400;\"><span style=\"font-weight: 400;\">Arvetel kontrollitakse m\u00fc\u00fcgiarve puhul rea tulukontot m\u00fc\u00fcgiarvel ja ostuarve puhul kulukontot<\/span><\/span><\/span><\/li>\n<\/ul>\n<\/li>\n<li><b>Nimi &#8211; <\/b><span style=\"font-weight: 400;\"><span style=\"font-weight: 400;\"><span style=\"font-weight: 400;\">vali enda poolt loodud nimi, mida tuleb j\u00e4rgmisel sammul kasutada, kui m\u00e4\u00e4rad \u201cKande malli elemendid\u201d.<\/span><\/span><\/span><\/li>\n<li><b>Sissetulek \/ v\u00e4ljaminek <\/b>\n<ul>\n<li style=\"font-weight: 400;\"><span style=\"font-weight: 400;\">T\u00fchi: ei kontrolli tehingu summat<\/span><\/li>\n<li style=\"font-weight: 400;\"><span style=\"font-weight: 400;\">Sissetulek: kontrollib, et tehingu summa oleks negatiivne<\/span><\/li>\n<li style=\"font-weight: 400;\"><span style=\"font-weight: 400;\">V\u00e4ljaminek: kontrollib, et tehingu summa oleks positiivne<\/span><\/li>\n<\/ul>\n<\/li>\n<\/ul>\n<p><span style=\"font-weight: 400;\">Kui k\u00f5ik v\u00e4ljad on sisestatud, siis vajuta\u00a0<\/span><b>\u201cSalvesta\u201d <\/b><span style=\"font-weight: 400;\">nuppu ja uuenda lehte (reload).<\/span><\/p>\n<p>&nbsp;<\/p>\n<h3><span style=\"font-weight: 400;\">Kande malli elemendid<\/span><\/h3>\n<p><span style=\"font-weight: 400;\">Kui kande mall on \u00fcldiste s\u00e4tete all loodud, siis tr\u00fcki pealehe otsingusse <\/span><b>\u201cKande malli elemendid\u201d<\/b><span style=\"font-weight: 400;\">. Avanenud moodulis saad sisestada elementide kohta k\u00e4iva info. Siin luuakse tehingule moodustatavad kande read. M\u00e4\u00e4ratud valemit rakendatakse vaid tehingutele, mille puhul vastav kande mall on leitud ja selle tingimused on t\u00e4idetud.\u00a0<\/span><\/p>\n<p><img loading=\"lazy\" decoding=\"async\" class=\"alignnone wp-image-18853 size-full\" src=\"https:\/\/www.erplybooks.com\/wp-content\/uploads\/2020\/11\/Screen-Shot-2020-10-27-at-11.02.19.png\" alt=\"Kande mallid\" width=\"898\" height=\"194\" \/><\/p>\n<p><span style=\"font-weight: 400;\">Iga kande rea kohta tuleb t\u00e4ita j\u00e4rgnev:<\/span><\/p>\n<ul>\n<li><b>Vali<\/b><span style=\"font-weight: 400;\"> \u2013 vali kande mall (loodud \u00fcldiste s\u00e4tete all)<\/span><\/li>\n<li><b>Nimi<\/b><span style=\"font-weight: 400;\"> \u2013 sisemiseks kasutamiseks m\u00f5eldud elemendi nimi (saad selle ise m\u00e4\u00e4rata)<\/span><\/li>\n<li><b>Valem<\/b><span style=\"font-weight: 400;\"><span style=\"font-weight: 400;\"> \u2013 vaata l\u00e4hemalt valemi koostamise alt<br \/>\n<\/span><\/span><\/li>\n<li><b>Konto<\/b><span style=\"font-weight: 400;\"> &#8211; m\u00e4\u00e4ra konto iga rea jaoks<\/span><\/li>\n<li><b>Deebet\/kreedit <\/b><span style=\"font-weight: 400;\">&#8211; vali kas jah v\u00f5i ei<\/span><\/li>\n<li><b>Lisa artikli nimi<\/b><span style=\"font-weight: 400;\"> &#8211; kirjuta ise nimetus<\/span><\/li>\n<\/ul>\n<p>&nbsp;<\/p>\n<h3><span style=\"font-weight: 400;\">Valemi koostamine<\/span><\/h3>\n<p><span style=\"font-weight: 400;\">Iga kande rea jaoks saad koostada valemi, kasutades j\u00e4rgnevalt v\u00e4ljatoodud elemente.<\/span><\/p>\n<p><span style=\"font-weight: 400;\">Arve pealt v\u00f5etakse j\u00e4rgnevad elemendid:<\/span><\/p>\n<ul>\n<li style=\"font-weight: 400;\"><b>discount<\/b><span style=\"font-weight: 400;\"> \u2013 allahindluse protsent<\/span><\/li>\n<li style=\"font-weight: 400;\"><b>vat<\/b><span style=\"font-weight: 400;\"> \u2013 k\u00e4ibemaksu protsent<\/span><\/li>\n<li style=\"font-weight: 400;\"><b>quantity<\/b><span style=\"font-weight: 400;\"> \u2013 arve rea kogus<\/span><\/li>\n<li style=\"font-weight: 400;\"><b>expense<\/b><span style=\"font-weight: 400;\"> \u2013 kaubakulu<\/span><\/li>\n<li style=\"font-weight: 400;\"><b>price<\/b><span style=\"font-weight: 400;\"> \u2013 arve rea hind<\/span><\/li>\n<li style=\"font-weight: 400;\"><b>sumNoVat<\/b><span style=\"font-weight: 400;\"> \u2013 arve rea netosumma (price * quantity * (1 \u2013 discount))<\/span><\/li>\n<li style=\"font-weight: 400;\"><b>sumWithVat<\/b><span style=\"font-weight: 400;\"> \u2013 arve rea kogusumma (price * quantity * (1 \u2013 discount) * (1 + vat))<\/span><\/li>\n<\/ul>\n<p><span style=\"font-weight: 400;\">Maksmiste kannetelt v\u00f5etakse j\u00e4rgnevad elemendid:<\/span><\/p>\n<ul>\n<li><b>sumPaid<\/b><span style=\"font-weight: 400;\"> &#8211; makstud summa<\/span><\/li>\n<li><b>currencyRate<\/b><span style=\"font-weight: 400;\"> -valuuta m\u00e4\u00e4r<\/span><\/li>\n<li><b>vatSum<\/b><span style=\"font-weight: 400;\"> &#8211; k\u00e4ibemaksu summa<\/span><\/li>\n<li><b>currencyExchangeLoss <\/b><span style=\"font-weight: 400;\">&#8211; kahjum valuutakursi muutusest\u00a0<\/span><\/li>\n<\/ul>\n<p><span style=\"font-weight: 400;\">Peale ridade lisamist vajuta\u00a0<\/span><b>\u201cSalvesta\u201d<\/b><span style=\"font-weight: 400;\"> nuppu ja uuenda lehte (reload).<\/span><\/p>\n<p>&nbsp;<\/p>\n<h3><span style=\"font-weight: 400;\">N\u00e4ide kasutatud kauba m\u00fc\u00fcgi kohta<\/span><\/h3>\n<p><span style=\"font-weight: 400;\">Kasutatud kauba puhul maksustatakse kasumimarginaali ehk m\u00fc\u00fcgi- ja ostuhinna vahet, mida on v\u00e4hendatud selles sisalduva k\u00e4ibemaksu v\u00f5rra.\u00a0<\/span><\/p>\n<p><span style=\"font-weight: 400;\">Maksustamine toimub m\u00fc\u00fcgiarve koostamisega. On oluline, et enne m\u00fc\u00fcgiarve sisestamist on programmi sisestatud ka kauba ostuhind, et oleks v\u00f5imalik arvutada kasumimarginaali. Ostuhind m\u00e4\u00e4ra artikli kaardile.\u00a0<\/span><\/p>\n<p><span style=\"font-weight: 400;\">J\u00e4rgnevas n\u00e4ites ostetakse eraisikult kasutatud auto summaga <\/span><b>7500 eurot<\/b><span style=\"font-weight: 400;\">\u00a0ja see m\u00fc\u00fcakse edasi summaga <\/span><b>10000 eurot. <\/b><span style=\"font-weight: 400;\">Sel juhul on maksustatav summa: (10000-7500)\/1,2 = <strong>2083,33 eur<\/strong> ja k\u00e4ibemaks <strong>416,67 eur<\/strong>.\u00a0<\/span><\/p>\n<p><span style=\"font-weight: 400;\">Sellise tehingu puhul toimi j\u00e4rgnevalt:<\/span><\/p>\n<p><span style=\"font-weight: 400;\">1. Ava\u00a0<strong>\u201cS\u00e4tted\u201d &gt; \u201cKM liigid\u201d<\/strong> ja loo uus k\u00e4ibemaksu liik, n\u00e4iteks nimega <\/span><b>\u201cErikord KMS 41\u201d. <\/b><span style=\"font-weight: 400;\">Vali protsendiks 0%, t\u00fc\u00fcbiks <strong>\u201cErand\u201d<\/strong> ja m\u00e4\u00e4ra tulukonto, et selle k\u00e4ibemaksu liigi kasutamisel kajastuks m\u00fc\u00fcgitulu alati siin m\u00e4\u00e4ratud kontol.<\/span><\/p>\n<p><img loading=\"lazy\" decoding=\"async\" class=\"alignnone size-full wp-image-19042\" src=\"https:\/\/www.erplybooks.com\/wp-content\/uploads\/2020\/11\/Screen-Shot-2020-11-06-at-11.16.00.png\" alt=\"\" width=\"871\" height=\"50\" \/><\/p>\n<p><span style=\"font-weight: 400;\">2. Ava\u00a0<\/span><b>\u201cOst\u201d &gt; \u201cOstu-m\u00fc\u00fcgi artiklid\u201d <\/b><span style=\"font-weight: 400;\">\u00a0ja loo kauba ostu-m\u00fc\u00fcgi artikkel, kus m\u00e4\u00e4ra kontod, baashind (ostuhind) ja k\u00e4ibemaksu liik.<\/span><\/p>\n<p><img loading=\"lazy\" decoding=\"async\" class=\"alignnone wp-image-19035 size-full\" src=\"https:\/\/www.erplybooks.com\/wp-content\/uploads\/2020\/11\/Screen-Shot-2020-11-06-at-11.18.38.png\" alt=\"\" width=\"356\" height=\"498\" \/><\/p>\n<p><span style=\"font-weight: 400;\">3. Ava\u00a0<\/span><b>\u201cS\u00e4tted\u201d &gt; \u201c\u00dcldised s\u00e4tted\u201d &gt; \u201cKande mallid\u201d<\/b><span style=\"font-weight: 400;\">, vajuta\u00a0<\/span><b>\u201cHalda\u201d<\/b><span style=\"font-weight: 400;\"> ja t\u00e4ida j\u00e4rgnevad v\u00e4ljad.\u00a0<\/span><\/p>\n<p><img loading=\"lazy\" decoding=\"async\" class=\"alignnone size-full wp-image-18841\" src=\"https:\/\/www.erplybooks.com\/wp-content\/uploads\/2020\/11\/Screen-Shot-2020-10-26-at-14.48.30.png\" alt=\"\" width=\"981\" height=\"223\" \/><\/p>\n<p><span style=\"font-weight: 400;\">Eelneval pildil on loodud kande mall nimega<\/span><b> \u201cKomisjonim\u00fc\u00fck\u201d<\/b><span style=\"font-weight: 400;\">. Seda rakendatakse ainult m\u00fc\u00fcgiarvetel ja neil kontodel, kus on kasutatud kontot 40001. <strong>NB<\/strong>: Kui kassasse komisjonim\u00fc\u00fcki teha, siis tuleb lisada ka teine rida, kuhu dokumendi t\u00fc\u00fcbiks \u201ckassa m\u00fc\u00fcgiarve\u201d \u2013 tulukonto j\u00e4ta samaks.<\/span><\/p>\n<p><span style=\"font-weight: 400;\">4. Kirjuta pealehe otsingukasti <\/span><b>\u201cKande malli elemendid\u201d <\/b><span style=\"font-weight: 400;\">ja t\u00e4ida read nagu j\u00e4rgnevalt n\u00e4idatud.\u00a0<\/span><\/p>\n<p><img loading=\"lazy\" decoding=\"async\" class=\"alignnone wp-image-18859 size-full\" src=\"https:\/\/www.erplybooks.com\/wp-content\/uploads\/2020\/11\/Screen-Shot-2020-10-27-at-11.16.09.png\" alt=\"Kande mallid\" width=\"1181\" height=\"253\" \/><\/p>\n<p><span style=\"font-weight: 400;\">Lahtris <\/span><b>\u201cVali\u201d<\/b><span style=\"font-weight: 400;\"> vali \u00e4sja loodud kande mall <\/span><b>\u201cKomisjonim\u00fc\u00fck\u201d<\/b><span style=\"font-weight: 400;\">, m\u00e4\u00e4ra valemid ja kontod ning kas tegu on deebetkontoga.<\/span><\/p>\n<p><strong>Valemid:<\/strong><\/p>\n<p>*PART=ADD*NUMBER(0.81967213114)*MULTIPLY*price*PART=ADD*NUMBER(-0.81967213114)*MULTIPLY*expense<\/p>\n<p>*PART=ADD*price<\/p>\n<p>*PART=ADD*NUMBER(0.18032786885)*MULTIPLY*price*PART=ADD*NUMBER(-0.18032786885)*MULTIPLY*expense<\/p>\n<p>*PART=ADD*expense<\/p>\n<p><span style=\"font-weight: 400;\">5. Seej\u00e4rel koosta m\u00fc\u00fcgiarve, sisesta m\u00fc\u00fcgihind ja vali k\u00e4ibemaksu liik. M\u00fc\u00fcgiarve peal k\u00e4ibemaksu ei n\u00e4idata, seda n\u00e4idatakse finantskandel.<\/span><\/p>\n<p><img loading=\"lazy\" decoding=\"async\" class=\"alignnone wp-image-19029 size-full\" src=\"https:\/\/www.erplybooks.com\/wp-content\/uploads\/2020\/11\/Screen-Shot-2020-11-06-at-11.25.08.png\" alt=\"\" width=\"1119\" height=\"647\" \/><\/p>\n<p><span style=\"font-weight: 400;\">6. M\u00fc\u00fcgiarve kohta koostab programm j\u00e4rgneva finantskande:<\/span><\/p>\n<p><img loading=\"lazy\" decoding=\"async\" class=\"alignnone size-full wp-image-18829\" src=\"https:\/\/www.erplybooks.com\/wp-content\/uploads\/2020\/11\/Screen-Shot-2020-10-26-at-14.23.56.png\" alt=\"\" width=\"1146\" height=\"229\" \/><\/p>\n<p><span style=\"font-weight: 400;\"><strong>NB:<\/strong> Antud n\u00e4ite puhul ei j\u00f5ua k\u00e4ibemaks KMD aruandesse ja see tuleb k\u00e4sitsi lisada. Kui oled kasutanud kauba m\u00fc\u00fcgi tehingud p\u00f5hitegevuseks ja soovid, et Sinu ettev\u00f5ttele arendatakse ka k\u00e4ibemaksuaruande lahendus, siis palun v\u00f5tke meiega \u00fchendust <a href=\"mailto:info@erplybooks.com\">info@erplybooks.com<\/a>.<\/span><\/p>\n","protected":false},"excerpt":{"rendered":"<p>Kande mallid &nbsp; Vaikimisi teeb ERPLY Books arve ja laekumiste-maksmiste kanded valmis vastavalt programmis m\u00e4\u00e4ratud loogikale. N\u00e4iteks ostuarve puhul tehakse kanne: K: v\u00f5lad tarnijatele D: kulu, varu, p\u00f5hivara konto D: sisendk\u00e4ibemaks Kontosid saab muuta vastavalt vajadusele.\u00a0 Kui Sulle aga m\u00e4\u00e4ratud kannete loogika ei sobi ja on vajalik koostada teistsuguse loogikaga kanne, siis saab kasutada kande [&hellip;]<\/p>\n","protected":false},"author":3,"featured_media":0,"parent":3312,"menu_order":0,"comment_status":"closed","ping_status":"closed","template":"","meta":{"_et_pb_use_builder":"","_et_pb_old_content":"","_et_gb_content_width":"","footnotes":""},"categories":[450],"tags":[555,556],"class_list":["post-15757","page","type-page","status-publish","hentry","category-seadistused","tag-kanne","tag-mallid"],"_links":{"self":[{"href":"https:\/\/www.erplybooks.com\/et\/wp-json\/wp\/v2\/pages\/15757","targetHints":{"allow":["GET"]}}],"collection":[{"href":"https:\/\/www.erplybooks.com\/et\/wp-json\/wp\/v2\/pages"}],"about":[{"href":"https:\/\/www.erplybooks.com\/et\/wp-json\/wp\/v2\/types\/page"}],"author":[{"embeddable":true,"href":"https:\/\/www.erplybooks.com\/et\/wp-json\/wp\/v2\/users\/3"}],"replies":[{"embeddable":true,"href":"https:\/\/www.erplybooks.com\/et\/wp-json\/wp\/v2\/comments?post=15757"}],"version-history":[{"count":0,"href":"https:\/\/www.erplybooks.com\/et\/wp-json\/wp\/v2\/pages\/15757\/revisions"}],"up":[{"embeddable":true,"href":"https:\/\/www.erplybooks.com\/et\/wp-json\/wp\/v2\/pages\/3312"}],"wp:attachment":[{"href":"https:\/\/www.erplybooks.com\/et\/wp-json\/wp\/v2\/media?parent=15757"}],"wp:term":[{"taxonomy":"category","embeddable":true,"href":"https:\/\/www.erplybooks.com\/et\/wp-json\/wp\/v2\/categories?post=15757"},{"taxonomy":"post_tag","embeddable":true,"href":"https:\/\/www.erplybooks.com\/et\/wp-json\/wp\/v2\/tags?post=15757"}],"curies":[{"name":"wp","href":"https:\/\/api.w.org\/{rel}","templated":true}]}}