{"id":15273,"date":"2018-11-19T13:57:03","date_gmt":"2018-11-19T13:57:03","guid":{"rendered":"http:\/\/www.erplybooks.com\/?page_id=15273"},"modified":"2023-07-11T08:45:07","modified_gmt":"2023-07-11T08:45:07","slug":"uuri-demo","status":"publish","type":"page","link":"https:\/\/www.erplybooks.com\/et\/uuri-demo\/","title":{"rendered":"K\u00fcsi demo"},"content":{"rendered":"<p>ERPLY Books&#8217;i meeskond on hea meelega valmis n\u00e4itama Sulle tarkvara demo ja vastama k\u00f5igile Sinu k\u00fcsimustele.<\/p>\n<p>Peale demo on v\u00f5imalik proovida tarkvara <strong>tasuta\u00a0riskivabalt kuni 30 p\u00e4eva<\/strong>.<\/p>\n<div class=\"wpforms-container wpforms-container-full\" id=\"wpforms-15275\"><form id=\"wpforms-form-15275\" class=\"wpforms-validate wpforms-form\" data-formid=\"15275\" method=\"post\" enctype=\"multipart\/form-data\" action=\"\/et\/wp-json\/wp\/v2\/pages\/15273\" data-token=\"43df43806944172a6fbd7340c4ecaecb\"><noscript class=\"wpforms-error-noscript\">Please enable JavaScript in your browser to complete this form.<\/noscript><div class=\"wpforms-field-container\"><div id=\"wpforms-15275-field_1-container\" class=\"wpforms-field wpforms-field-text\" data-field-id=\"1\"><label class=\"wpforms-field-label\" for=\"wpforms-15275-field_1\">Ettev\u00f5tte nimi: <span class=\"wpforms-required-label\">*<\/span><\/label><input type=\"text\" id=\"wpforms-15275-field_1\" class=\"wpforms-field-medium wpforms-field-required\" name=\"wpforms[fields][1]\" required><\/div><div id=\"wpforms-15275-field_2-container\" class=\"wpforms-field wpforms-field-url\" data-field-id=\"2\"><label class=\"wpforms-field-label\" for=\"wpforms-15275-field_2\">Koduleht: <span class=\"wpforms-required-label\">*<\/span><\/label><input type=\"url\" id=\"wpforms-15275-field_2\" class=\"wpforms-field-medium wpforms-field-required\" name=\"wpforms[fields][2]\" required><\/div><div id=\"wpforms-15275-field_3-container\" class=\"wpforms-field wpforms-field-email\" data-field-id=\"3\"><label class=\"wpforms-field-label\" for=\"wpforms-15275-field_3\">E-posti aadress: <span class=\"wpforms-required-label\">*<\/span><\/label><input type=\"email\" id=\"wpforms-15275-field_3\" class=\"wpforms-field-medium wpforms-field-required\" name=\"wpforms[fields][3]\" required><\/div><div id=\"wpforms-15275-field_4-container\" class=\"wpforms-field wpforms-field-phone\" data-field-id=\"4\"><label class=\"wpforms-field-label\" for=\"wpforms-15275-field_4\">Telefon: <span class=\"wpforms-required-label\">*<\/span><\/label><input type=\"tel\" id=\"wpforms-15275-field_4\" class=\"wpforms-field-medium wpforms-field-required\" data-rule-int-phone-field=\"true\" name=\"wpforms[fields][4]\" required><\/div><div id=\"wpforms-15275-field_5-container\" class=\"wpforms-field wpforms-field-radio\" data-field-id=\"5\"><label class=\"wpforms-field-label\" for=\"wpforms-15275-field_5\">Kuidas te demo soovite: <span class=\"wpforms-required-label\">*<\/span><\/label><ul id=\"wpforms-15275-field_5\" class=\"wpforms-field-required\"><li class=\"choice-1 depth-1\"><input type=\"radio\" id=\"wpforms-15275-field_5_1\" name=\"wpforms[fields][5]\" value=\"Soovin lihtsat ja kiiret \u00fclevaadet tarkvarast\" required ><label class=\"wpforms-field-label-inline\" for=\"wpforms-15275-field_5_1\">Soovin lihtsat ja kiiret \u00fclevaadet tarkvarast<\/label><\/li><li class=\"choice-2 depth-1\"><input type=\"radio\" id=\"wpforms-15275-field_5_2\" name=\"wpforms[fields][5]\" value=\"Soovin saada p\u00f5hjalikumat demo ja n\u00e4ha funktsionaalsusi\" required ><label class=\"wpforms-field-label-inline\" for=\"wpforms-15275-field_5_2\">Soovin saada p\u00f5hjalikumat demo ja n\u00e4ha funktsionaalsusi<\/label><\/li><\/ul><\/div><div id=\"wpforms-15275-field_6-container\" class=\"wpforms-field wpforms-field-textarea\" data-field-id=\"6\"><label class=\"wpforms-field-label\" for=\"wpforms-15275-field_6\">K\u00fcsimused ja kommantaarid:<\/label><textarea id=\"wpforms-15275-field_6\" class=\"wpforms-field-medium\" name=\"wpforms[fields][6]\" ><\/textarea><div class=\"wpforms-field-description\">M\u00e4rkige siia t\u00e4psustavad k\u00fcsimused v\u00f5i m\u00e4rkused, mida soovita saata meile enne tarkvara demo<\/div><\/div><\/div><div class=\"wpforms-field wpforms-field-hp\"><label for=\"wpforms-15275-field-hp\" class=\"wpforms-field-label\">Message<\/label><input type=\"text\" name=\"wpforms[hp]\" id=\"wpforms-15275-field-hp\" class=\"wpforms-field-medium\"><\/div><div class=\"wpforms-submit-container\" ><input type=\"hidden\" name=\"wpforms[id]\" value=\"15275\"><input type=\"hidden\" name=\"wpforms[author]\" value=\"1\"><button type=\"submit\" name=\"wpforms[submit]\" class=\"wpforms-submit \" id=\"wpforms-submit-15275\" value=\"wpforms-submit\" aria-live=\"assertive\" data-alt-text=\"Sending...\" data-submit-text=\"Saadan info tasuta demo saamiseks\">Saadan info tasuta demo saamiseks<\/button><\/div><\/form><\/div>  <!-- .wpforms-container -->\n","protected":false},"excerpt":{"rendered":"<p>ERPLY Books&#8217;i meeskond on hea meelega valmis n\u00e4itama Sulle tarkvara demo ja vastama k\u00f5igile Sinu k\u00fcsimustele. Peale demo on v\u00f5imalik proovida tarkvara tasuta\u00a0riskivabalt kuni 30 p\u00e4eva.<\/p>\n","protected":false},"author":1,"featured_media":0,"parent":0,"menu_order":0,"comment_status":"closed","ping_status":"closed","template":"","meta":{"_et_pb_use_builder":"","_et_pb_old_content":"","_et_gb_content_width":"","footnotes":""},"categories":[1165],"tags":[1184,846],"class_list":["post-15273","page","type-page","status-publish","hentry","category-tarkvara","tag-demo-2","tag-raamatupidamistarkvara"],"_links":{"self":[{"href":"https:\/\/www.erplybooks.com\/et\/wp-json\/wp\/v2\/pages\/15273","targetHints":{"allow":["GET"]}}],"collection":[{"href":"https:\/\/www.erplybooks.com\/et\/wp-json\/wp\/v2\/pages"}],"about":[{"href":"https:\/\/www.erplybooks.com\/et\/wp-json\/wp\/v2\/types\/page"}],"author":[{"embeddable":true,"href":"https:\/\/www.erplybooks.com\/et\/wp-json\/wp\/v2\/users\/1"}],"replies":[{"embeddable":true,"href":"https:\/\/www.erplybooks.com\/et\/wp-json\/wp\/v2\/comments?post=15273"}],"version-history":[{"count":0,"href":"https:\/\/www.erplybooks.com\/et\/wp-json\/wp\/v2\/pages\/15273\/revisions"}],"wp:attachment":[{"href":"https:\/\/www.erplybooks.com\/et\/wp-json\/wp\/v2\/media?parent=15273"}],"wp:term":[{"taxonomy":"category","embeddable":true,"href":"https:\/\/www.erplybooks.com\/et\/wp-json\/wp\/v2\/categories?post=15273"},{"taxonomy":"post_tag","embeddable":true,"href":"https:\/\/www.erplybooks.com\/et\/wp-json\/wp\/v2\/tags?post=15273"}],"curies":[{"name":"wp","href":"https:\/\/api.w.org\/{rel}","templated":true}]}}