{"id":1446,"date":"2015-04-28T06:41:10","date_gmt":"2015-04-28T06:41:10","guid":{"rendered":"http:\/\/ajaveeb.margn.com\/?p=1446"},"modified":"2023-06-27T05:21:54","modified_gmt":"2023-06-27T05:21:54","slug":"pangareeglid-pangavaljavotte-automatiseerimiseks","status":"publish","type":"page","link":"https:\/\/www.erplybooks.com\/et\/pangareeglid-pangavaljavotte-automatiseerimiseks\/","title":{"rendered":"Pangareeglid pangav\u00e4ljav\u00f5tte automatiseerimiseks"},"content":{"rendered":"<p><strong>ERPLY Books v\u00f5imaldab pangav\u00e4ljav\u00f5tte l\u00e4bit\u00f6\u00f6tlemist automatiseerida v\u00e4ga suures mahus. Suurema osa t\u00f6\u00f6st teeb ta automaatselt ise \u00e4ra. \u00d5hku j\u00e4\u00e4b aga osa tehinguid, mida peab ise \u00f5igesse kohta m\u00e4\u00e4rama. N\u00fc\u00fcd on olemas uus v\u00f5imalus ise sisestada pangareegleid. N\u00e4iteks intressitulud, varieeruvad pangakulude kirjeldused, sularaha pankaviimiste kirjeldused, aruandvate isikute k\u00e4es olevad pangakaardid jne. K\u00f5ik need saab n\u00fc\u00fcd automatiseerida.\u00a0<\/strong><\/p>\n<p>Pangareeglid on m\u00f5eldud eelk\u00f5ige muude tehingute automatiseerimiseks (palgav\u00e4ljamaksed, kaardimaksete kulud jne).<\/p>\n<p>Pangareeglite lisamiseks minge pealehele ja otsige &#8220;m\u00e4\u00e4ra pangareeglid&#8221;. Sealt avaneb v\u00f5imalus lisada uusi ridu ja lisada igale reale j\u00e4rgmiseid tingimusi:<\/p>\n<ul>\n<li>reegli t\u00fc\u00fcp<\/li>\n<li>&#8212; sisaldab &#8211; kirjedlus sisaldab soovitud s\u00f5ne<\/li>\n<li>&#8212; v\u00f5rdub &#8211; kirjedlus v\u00f5rdub soovitud s\u00f5nega<\/li>\n<li>&#8212; l\u00f5peb &#8211; kirjedlus l\u00f5peb soovitud s\u00f5nega<\/li>\n<li>&#8212; algab &#8211; kirjedlus algab soovitud s\u00f5nega<\/li>\n<li>&#8212; j\u00e4rgmine &amp;\/ eelmine sisaldab &#8211; tehing ja sellele eelnev(ad)\/j\u00e4rgnev(ad) tehing(ud) sisaldavad soovitud s\u00f5ne<\/li>\n<li>&#8212; kontakt &#8211; kui see valida, siis pangav\u00e4ljav\u00f5tet l\u00e4bit\u00f6\u00f6tades p\u00fc\u00fcab programm siduda soovitud tehingu kontaktiga ja seej\u00e4rel kontaktiga seotud arvetega<\/li>\n<li>&#8212;\u00a0Mitme konto \u00fchendamine %-ga summast &#8211; sisesta kirjelduse lahtrisse, mis kirjeldust peaks otsima ning kuidas see tuleks seepeale jaotada protsentuaalselt. Kui peaks otsima kirjeldust &#8220;kaardimaksed&#8221;, millest peaks olema -1.8% pangakulud, siis kirjelduse lahtrisse sisestada &#8220;kaardimaksed|57000:-1.8&#8221;, kus &#8220;kaardimaksed&#8221; on kirjeldus, | on eraldaja, 57000 on pangakulude konto number ja -1.8 on protsent. 57000 saab arvutatud summa ja \u00fclej\u00e4\u00e4nu pannakse kontole, mis on m\u00e4rgitud &#8220;konto lahtrisse&#8221;.<\/li>\n<li>&#8212;\u00a0Mitme konto \u00fchendamine konkreetse summaga &#8211; sisesta kirjelduse lahtrisse, mis kirjeldust peaks otsima ning kuidas see seepeale jaotada. Sisestus on analoogne eelmise reaga, kuid -1.8 poleks antud juhul protsent vaid summa.<\/li>\n<li>&#8212;\u00a0Mitme konto \u00fchendamine otsides konkreetset kirjeldust &#8211; makse kirjelduse all on kirjas \u00a0teine summa, mis maksega seotud on. Kirjeldusse tuleb sisestada sarnaselt eelneva kahe v\u00f5imalusega nii konto kui ka kirjeldus, mille j\u00e4rgi makse \u00e4ra tunda: &#8220;kaardimaksed:|57000:-1*TT:&#8221;. Antud juhul kui makse sisaldab kirjeldus &#8220;kaardimaksed&#8221; ja kui makse kirjelduse alt leitakse kirjeldus &#8220;TT:&#8221;, siis kirjeldusele &#8220;TT:&#8221; j\u00e4rgnev number pannakse kontole numbriga 57000.<\/li>\n<li>&#8212;\u00a0Sisaldab (mitu vastet &#8211; eralda &#8216;|&#8217;-ga)<\/li>\n<li>&#8212;\u00a0Arve \u00fchendamine l\u00e4bi arve kirjelduse &#8211; sisesta kliendi nimi<\/li>\n<li>kirjeldus &#8211; otsib vastavat teksti pangatehingu kirjelduse alt<\/li>\n<li>konto<\/li>\n<li>projekt<\/li>\n<li>k\u00e4ibemaks &#8211; v\u00f5imaldab \u00fchendada kindlad tehingud koheselt k\u00e4ibemaksuga, ilma selle jaoks eraldi arvet koostamata<\/li>\n<li>kontakt &#8211; isik, kellega tehing \u00fchendada<\/li>\n<\/ul>\n<p>Kui olete lisanud pangareeglid, siis programm ei p\u00fc\u00fca enam automaatselt \u00f5ppida eelnevatest muudest tehingutest. Ehk teisis\u00f5nu pangareeglid on k\u00f5rgema t\u00e4htsusega reeglid kui ise\u00f5ppiv algoritm (ise\u00f5ppiv algoritm ei \u00fchenda automaatselt projektidega jne).<\/p>\n<p><strong>N\u00e4ide 1\u00a0<\/strong><\/p>\n<p>Pangav\u00e4ljav\u00f5ttel on selline tehing summas 1.2 EUR:<br \/>\nPangateenustasu<\/p>\n<p>Tuleks teha j\u00e4rgmine pangareegel:<\/p>\n<p>reegli t\u00fc\u00fcp = V\u00d5RDUB<br \/>\nkirjeldus = Pangateenustasu<br \/>\nkonto = Pangakulu<br \/>\nprojekt\u00a0j\u00e4tta t\u00fchjaks<br \/>\nk\u00e4ibemaks j\u00e4tta t\u00fchjaks<br \/>\nkontakt t\u00fchjaks j\u00e4tta<\/p>\n<p><strong>N\u00e4ide 2<\/strong><\/p>\n<p>Pangav\u00e4ljav\u00f5ttel on selline tehing summas 872 EUR:<br \/>\nKirjeldus: 2014 Novembri palk<br \/>\nIsik: Maali XX<\/p>\n<p>Tegu on palgav\u00e4ljamaksega Maalile. Tuleks teha 12 pangareeglit iga erineva kuu kohta:<\/p>\n<p>reegli t\u00fc\u00fcp = L\u00d5PEB<br \/>\nkirjeldus = Novembri palk (lisaks samasugune tehing oktoobri, septembri jne kohta)<br \/>\nkonto \u00a0= Palgav\u00f5lg<br \/>\nprojekt\u00a0= soovitud projekt, kui soovite t\u00f6\u00f6taja kulusid erinevates osakondades m\u00e4\u00e4rata, muul juhul t\u00fchjaks j\u00e4tta<br \/>\nk\u00e4ibemaks j\u00e4tta t\u00fchjaks<br \/>\nkontakt = Maali kui m\u00e4\u00e4rate projekti, muul juhul t\u00fchjaks j\u00e4tta.<\/p>\n<p>Ehk siin on n\u00e4ha, et kui teil on ettev\u00f5ttes \u00fcks osakond, siis tuleb lisada 12 pangareeglit (iga kuu kohta \u00fcks). Kui teil on 10 t\u00f6\u00f6tajat ja kaks osakonda, siis tuleks lisada iga t\u00f6\u00f6taja kohta reegel iga kuu kohta &#8211; 120 erinevat reeglit. Kui m\u00e4\u00e4rate kontakti, siis ta otsib pangav\u00e4ljav\u00f5ttelt selle nimega kontakti ja kui leiab, siis m\u00e4\u00e4rab vastava projekti.<\/p>\n<p><strong>N\u00e4ide 3\u00a0<\/strong><\/p>\n<p>Pangav\u00e4ljav\u00f5ttel on selline tehing summas 12 EUR:<br \/>\n03\/01\/2015 11:19 kaart&#8230;123456 Schiphol Restaurant\/AMSTERDAM\/NLD #344355<\/p>\n<p>Siin on n\u00e4ha, et Schipholi lennujaamas tehti mingi kulu. Ettev\u00f5tjana ma tean, et see on firma kaart, mis kuulub t\u00f6\u00f6tajale Maali (kaardi tunneb \u00e4ra selle numbrite kaudu: 123456). Maali k\u00e4is Amsterdamis ja tegi erinevaid kulusid, mis on meil juba eelnevalt m\u00e4\u00e4ratud aruandva isiku dokumendi all. Seega meil oleks huvi \u00fchendada antud tehing aruandva isiku arvega. Seega tuleks teha j\u00e4rgmine pangareegel:<\/p>\n<p>reegli t\u00fc\u00fcp = KONTAKT<br \/>\nkirjeldus = 123456<br \/>\nkonto\u00a0\u00a0j\u00e4tta t\u00fchjaks<br \/>\nprojekt\u00a0j\u00e4tta t\u00fchjaks<br \/>\nk\u00e4ibemaks j\u00e4tta t\u00fchjaks<br \/>\nkontakt = Maali<\/p>\n<p><strong>N\u00e4ide 4<\/strong><\/p>\n<p>Pangav\u00e4ljav\u00f5ttel on selline tehing summas 218.34:<br \/>\nEL MC KK? 14.07.14? TERM:010? NR:XXXXXX? SUMMA:220.50? TT:2.16<\/p>\n<p>Kui arvutada, siis on n\u00e4ha, et 218.34 = 220.5-2.16 &#8211; \u00fcks osa on kaardimaksete laekumine ja teine osa on pangakulu. Kui pangakulu konto on 57000, siis peaksime looma j\u00e4rgmise pangareegli:<\/p>\n<p>reegli t\u00fc\u00fcp =\u00a0Mitme konto \u00fchendamine otsides konkreetset kirjeldust<br \/>\nkirjeldus = ? SUMMA:|57000:-1*TT:<br \/>\nkonto\u00a0\u00a0lahtrisse kaardimaksed<br \/>\nkontakt j\u00e4tta t\u00fchjaks<\/p>\n","protected":false},"excerpt":{"rendered":"<p>ERPLY Books v\u00f5imaldab pangav\u00e4ljav\u00f5tte l\u00e4bit\u00f6\u00f6tlemist automatiseerida v\u00e4ga suures mahus. Suurema osa t\u00f6\u00f6st teeb ta automaatselt ise \u00e4ra. \u00d5hku j\u00e4\u00e4b aga osa tehinguid, mida peab ise \u00f5igesse kohta m\u00e4\u00e4rama. N\u00fc\u00fcd on olemas uus v\u00f5imalus ise sisestada pangareegleid. N\u00e4iteks intressitulud, varieeruvad pangakulude kirjeldused, sularaha pankaviimiste kirjeldused, aruandvate isikute k\u00e4es olevad pangakaardid jne. K\u00f5ik need saab n\u00fc\u00fcd automatiseerida.\u00a0 [&hellip;]<\/p>\n","protected":false},"author":3,"featured_media":0,"parent":0,"menu_order":0,"comment_status":"closed","ping_status":"open","template":"","meta":{"_et_pb_use_builder":"","_et_pb_old_content":"","_et_gb_content_width":"","footnotes":""},"categories":[15],"tags":[25,149,173,181],"class_list":["post-1446","page","type-page","status-publish","hentry","category-raamatupidamine","tag-aruandev-isik","tag-pangaimport","tag-raamatupidamine","tag-reskontro"],"_links":{"self":[{"href":"https:\/\/www.erplybooks.com\/et\/wp-json\/wp\/v2\/pages\/1446","targetHints":{"allow":["GET"]}}],"collection":[{"href":"https:\/\/www.erplybooks.com\/et\/wp-json\/wp\/v2\/pages"}],"about":[{"href":"https:\/\/www.erplybooks.com\/et\/wp-json\/wp\/v2\/types\/page"}],"author":[{"embeddable":true,"href":"https:\/\/www.erplybooks.com\/et\/wp-json\/wp\/v2\/users\/3"}],"replies":[{"embeddable":true,"href":"https:\/\/www.erplybooks.com\/et\/wp-json\/wp\/v2\/comments?post=1446"}],"version-history":[{"count":0,"href":"https:\/\/www.erplybooks.com\/et\/wp-json\/wp\/v2\/pages\/1446\/revisions"}],"wp:attachment":[{"href":"https:\/\/www.erplybooks.com\/et\/wp-json\/wp\/v2\/media?parent=1446"}],"wp:term":[{"taxonomy":"category","embeddable":true,"href":"https:\/\/www.erplybooks.com\/et\/wp-json\/wp\/v2\/categories?post=1446"},{"taxonomy":"post_tag","embeddable":true,"href":"https:\/\/www.erplybooks.com\/et\/wp-json\/wp\/v2\/tags?post=1446"}],"curies":[{"name":"wp","href":"https:\/\/api.w.org\/{rel}","templated":true}]}}