{"id":1130,"date":"2014-01-29T12:35:15","date_gmt":"2014-01-29T12:35:15","guid":{"rendered":"http:\/\/ajaveeb.margn.com\/?p=1130"},"modified":"2023-06-27T05:49:01","modified_gmt":"2023-06-27T05:49:01","slug":"sepa-maksed-ibanid-jm","status":"publish","type":"page","link":"https:\/\/www.erplybooks.com\/et\/sepa-maksed-ibanid-jm\/","title":{"rendered":"SEPA maksed, IBANid jm"},"content":{"rendered":"<p><strong>01\/02\/2014 l\u00e4heb Euroopa Liit \u00fcle SEPA maksete s\u00fcsteemile ja IBAN kontonumbritele. Siin postituses kirjeldame, mis muutub Margn (ja ERPLY) kasutajatele ja kuidas probleemidest v\u00f5itu saada.\u00a0<\/strong><\/p>\n<p><strong>1) Kontonumbrite muutmine IBAN&#8217;iteks<\/strong><\/p>\n<p>Tasulistele klientidele on kontonumbrite IBAN&#8217;teks muutmine tasuta. Selle jaoks tuleb minna s\u00e4tted -&gt; firma andmed ja vajutada &#8220;muuda kontonumbrid IBAN&#8217;teks&#8221;. Kui teil on tuhandeid kontakte, siis v\u00f5ib see paar minutit aega v\u00f5tta. Olge kannatlik.<\/p>\n<p>Kui olete tasuta klient ja soovite kontonumbrid IBANiteks muuta, siis saatke kiri support@margn.com soovist tasulise paketi peale \u00fcle minna.<\/p>\n<p>NB: Firma konto number muudetakse IBAN&#8217;ks sama k\u00e4suga.<\/p>\n<p><strong>2) Kontonumbrite muutmine IBAN&#8217;iteks ERPLY kasutajatele<\/strong><\/p>\n<p>31. jaanuar l\u00e4heb <em>live&#8217;<\/em>i\u00a0lahendus, kus saab automaatselt kontonumbrid IBANiteks muuta. See teenus on tasuta nendele ERPLY kasutajatele, kes on tasulised Margn kasutajad.<\/p>\n<p>Selle jaoks tuleb minna ERPLY&#8217;s ostud -&gt; ekspordi maksefaili (kui see nupp seal puudub, siis saatke sellekohane kiri abi@erply.com). Seej\u00e4rel juhatatakse teid uuele lehele, kust saab vajutada nupule &#8220;muuda kontonumbrid IBAN&#8217;teks&#8221;. Seej\u00e4rel kontrollib Margn, kas teil on olemas siduv leping Margn&#8217;ga. Kui puudub, siis lubab selle kinnitada.<\/p>\n<p>NB: organisatsiooni enda konto number vajab samuti muutmist. Seda Nimetatud nupp ei tee. Selle jaoks tuleb minna seaded -&gt; minu ettev\u00f5tte info. IBANi saab v\u00e4lja arvutada <a href=\"https:\/\/www.erplybooks.com\/et\/sepa-maksed-ibanid-jm\/\">siin<\/a>.<\/p>\n<p><strong>3) Uued maksefailide formaadid<\/strong><\/p>\n<p>Esimesest veebruarist 2014 muutub kohustuslikuks kasutada maksefaili genereerimisel ISO formaati. Margn&#8217;s muutub see v\u00f5imalus 31. jaanuaril. Peale seda k\u00f5ik maksefailid, mida Margn&#8217;st koostatakse, on ISO formaadis.<\/p>\n<p><strong>4) Maksefailide genereerimise v\u00f5imalused nendele ERPLY kasutajatele, kes Margni ei kasuta<\/strong><\/p>\n<p>ERPLY&#8217;sse tekib ostude alla eraldi nupp maksefailide genereerimise jaoks, mis viitab Margni. Sealt saab valida ostuarveid ja nendest maksefaili genereerida. Moodulisse saamiseks minge\u00a0ERPLY&#8217;s ostud -&gt; ekspordi maksefaili (kui see nupp seal puudub, siis saatke sellekohane kiri abi@erply.com).<\/p>\n","protected":false},"excerpt":{"rendered":"<p>01\/02\/2014 l\u00e4heb Euroopa Liit \u00fcle SEPA maksete s\u00fcsteemile ja IBAN kontonumbritele. Siin postituses kirjeldame, mis muutub Margn (ja ERPLY) kasutajatele ja kuidas probleemidest v\u00f5itu saada.\u00a0 1) Kontonumbrite muutmine IBAN&#8217;iteks Tasulistele klientidele on kontonumbrite IBAN&#8217;teks muutmine tasuta. Selle jaoks tuleb minna s\u00e4tted -&gt; firma andmed ja vajutada &#8220;muuda kontonumbrid IBAN&#8217;teks&#8221;. Kui teil on tuhandeid kontakte, siis [&hellip;]<\/p>\n","protected":false},"author":3,"featured_media":0,"parent":0,"menu_order":0,"comment_status":"closed","ping_status":"open","template":"","meta":{"_et_pb_use_builder":"","_et_pb_old_content":"","_et_gb_content_width":"","footnotes":""},"categories":[15],"tags":[55,65,125],"class_list":["post-1130","page","type-page","status-publish","hentry","category-raamatupidamine","tag-erply","tag-iban","tag-maksed"],"_links":{"self":[{"href":"https:\/\/www.erplybooks.com\/et\/wp-json\/wp\/v2\/pages\/1130","targetHints":{"allow":["GET"]}}],"collection":[{"href":"https:\/\/www.erplybooks.com\/et\/wp-json\/wp\/v2\/pages"}],"about":[{"href":"https:\/\/www.erplybooks.com\/et\/wp-json\/wp\/v2\/types\/page"}],"author":[{"embeddable":true,"href":"https:\/\/www.erplybooks.com\/et\/wp-json\/wp\/v2\/users\/3"}],"replies":[{"embeddable":true,"href":"https:\/\/www.erplybooks.com\/et\/wp-json\/wp\/v2\/comments?post=1130"}],"version-history":[{"count":0,"href":"https:\/\/www.erplybooks.com\/et\/wp-json\/wp\/v2\/pages\/1130\/revisions"}],"wp:attachment":[{"href":"https:\/\/www.erplybooks.com\/et\/wp-json\/wp\/v2\/media?parent=1130"}],"wp:term":[{"taxonomy":"category","embeddable":true,"href":"https:\/\/www.erplybooks.com\/et\/wp-json\/wp\/v2\/categories?post=1130"},{"taxonomy":"post_tag","embeddable":true,"href":"https:\/\/www.erplybooks.com\/et\/wp-json\/wp\/v2\/tags?post=1130"}],"curies":[{"name":"wp","href":"https:\/\/api.w.org\/{rel}","templated":true}]}}