{"id":1029,"date":"2013-09-24T19:35:18","date_gmt":"2013-09-24T19:35:18","guid":{"rendered":"http:\/\/ajaveeb.margn.com\/?p=1029"},"modified":"2023-07-07T07:53:46","modified_gmt":"2023-07-07T07:53:46","slug":"raha-tagastamine-klientidele-hankija-tagastatud-raha-kirjeldamine","status":"publish","type":"page","link":"https:\/\/www.erplybooks.com\/et\/raha-tagastamine-klientidele-hankija-tagastatud-raha-kirjeldamine\/","title":{"rendered":"Raha tagastamine klientidele \/ hankija tagastatud raha kirjeldamine"},"content":{"rendered":"<p><strong>Laekumiste ja maksmiste tagastamisel on mitmeid v\u00f5imalusi. Klient maksis 120\u20ac, arve oli 100, n\u00fc\u00fcd k\u00fcsib ta 20\u20ac tagasi. Kuidas selliseid tehinguid kajastada? Kirjeldame protsessi m\u00fc\u00fcgiarvete puhul. Ostuarved k\u00e4ituvad analoogselt.<\/strong><\/p>\n<p><strong>1) \u00dclemakstud arvest makstakse \u00fclemakstud summas tagasi.\u00a0<\/strong><br \/>\nArve summas 100\u20ac<br \/>\nArve laekumine 120\u20ac<br \/>\nTagasimakstav summa: 20\u20ac<\/p>\n<p>Kirjeldada saab Margn&#8217;s laekumata arvete moodulis, valides arve ja m\u00e4rkides tasumise summas -20.<\/p>\n<p><strong>2) \u00dclemakstud arvest makstakse v\u00e4hem tagasi kui \u00fclemakstud summa.\u00a0<\/strong><br \/>\nArve summas 100\u20ac<br \/>\nArve laekumine 120\u20ac<br \/>\nTagasimakstav summa: 10\u20ac<\/p>\n<p>Vaata probleemi 1.<\/p>\n<p><strong>3) \u00dclemakstud arvest makstakse rohkem tagasi kui \u00fclemakstud summa.\u00a0<\/strong><br \/>\nArve summas 100\u20ac<br \/>\nArve laekumine 120\u20ac<br \/>\nTagasimakstav summa: 150\u20ac<\/p>\n<p>Kuna siin pole selge, mis \u00fclej\u00e4\u00e4nud summaga saab (kas anti kliendile laenu? Kas klient peab selle tagasi maksma? Kas osteti kliendilt hoopis midagi?), siis peab antud makset kirjeldama mitmes osas.<\/p>\n<p>Kui klient polnud kauba\/teenusega rahul ja soovib seet\u00f5ttu raha tagasi, siis tuleb teha esmalt kreeditarve (kreeditarve tegemiseks kopeerige m\u00fc\u00fcgi raportist \u00f5ige arve ja pange kogused negatiivseks). Ja seej\u00e4rel lisada negatiivne laekumine kreeditarvele.<\/p>\n<p>Kui arve makstigi t\u00e4ies ulatuses tagasi ja &#8220;kogemata&#8221; maksti rohkem, siis tuleb teha j\u00e4rgmised tehingud (<strong>samas j\u00e4rjekorras!<\/strong>):<\/p>\n<ul>\n<li>laekumine arvele summas -20\u20ac (eemaldame ettemaksu);<\/li>\n<li>laekumine summas -100\u20ac (eemaldame arve p\u00f5hisumma laekumise);<\/li>\n<li>viimase tehinguna tuleb teha kliendile uus m\u00fc\u00fcgiarve summas 30\u20ac, nii et tulukonto asemel oleks rahakonto (sest m\u00fc\u00fcgiarve n\u00e4itab n\u00f5uet kliendi vastu). Sisestatud arvele k\u00e4ibemaksu lisada ei tohi.<\/li>\n<\/ul>\n<p><strong>4) Korrektselt v\u00f5i v\u00e4hem tasutud arve tasutakse tagasi samas v\u00f5i v\u00e4iksemas summas kui k\u00fcsitud.<\/strong><br \/>\nArve summas 100\u20ac<br \/>\nArve laekumine 100\u20ac<br \/>\nTagasimakstav summa: 100\u20ac<\/p>\n<p>Kuna antud juhul makstakse raha tagasi teenuste\/kaupade eest, mille eest on arve v\u00e4lja kirjutatud, siis on kaks v\u00f5imalust:<br \/>\n&#8211; kas soovitakse teenuste\/kauba eest v\u00e4hem raha maksta?<br \/>\n&#8211; v\u00f5i soovitakse maksta korraga v\u00e4hem (osamaksetega arve korral)?<\/p>\n<p>Esimesel juhul peab tegema kreeditarve ja tagasimakse panema kreeditarvele. T\u00e4psemalt loe sellest probleemi 3 alt.<\/p>\n<p>Teisel juhul v\u00f5ib maksta summa laekumata arvete moodulist, m\u00e4rkides arvele negatiivse laekumise.<\/p>\n<p><strong>5) Korrektselt v\u00f5i v\u00e4hem tasutud arve tasutakse tagasi suuremas summas kui k\u00fcsitud.<\/strong><br \/>\nArve summas 100\u20ac<br \/>\nArve laekumine 100\u20ac<br \/>\nTagasimakstav summa 120\u20ac<\/p>\n<p>Vaata probleem 3.<\/p>\n","protected":false},"excerpt":{"rendered":"<p>Laekumiste ja maksmiste tagastamisel on mitmeid v\u00f5imalusi. Klient maksis 120\u20ac, arve oli 100, n\u00fc\u00fcd k\u00fcsib ta 20\u20ac tagasi. Kuidas selliseid tehinguid kajastada? Kirjeldame protsessi m\u00fc\u00fcgiarvete puhul. Ostuarved k\u00e4ituvad analoogselt. 1) \u00dclemakstud arvest makstakse \u00fclemakstud summas tagasi.\u00a0 Arve summas 100\u20ac Arve laekumine 120\u20ac Tagasimakstav summa: 20\u20ac Kirjeldada saab Margn&#8217;s laekumata arvete moodulis, valides arve ja m\u00e4rkides [&hellip;]<\/p>\n","protected":false},"author":3,"featured_media":0,"parent":0,"menu_order":0,"comment_status":"closed","ping_status":"closed","template":"","meta":{"_et_pb_use_builder":"","_et_pb_old_content":"","_et_gb_content_width":"","footnotes":""},"categories":[15],"tags":[57,181],"class_list":["post-1029","page","type-page","status-publish","hentry","category-raamatupidamine","tag-ettemaks","tag-reskontro"],"_links":{"self":[{"href":"https:\/\/www.erplybooks.com\/et\/wp-json\/wp\/v2\/pages\/1029","targetHints":{"allow":["GET"]}}],"collection":[{"href":"https:\/\/www.erplybooks.com\/et\/wp-json\/wp\/v2\/pages"}],"about":[{"href":"https:\/\/www.erplybooks.com\/et\/wp-json\/wp\/v2\/types\/page"}],"author":[{"embeddable":true,"href":"https:\/\/www.erplybooks.com\/et\/wp-json\/wp\/v2\/users\/3"}],"replies":[{"embeddable":true,"href":"https:\/\/www.erplybooks.com\/et\/wp-json\/wp\/v2\/comments?post=1029"}],"version-history":[{"count":0,"href":"https:\/\/www.erplybooks.com\/et\/wp-json\/wp\/v2\/pages\/1029\/revisions"}],"wp:attachment":[{"href":"https:\/\/www.erplybooks.com\/et\/wp-json\/wp\/v2\/media?parent=1029"}],"wp:term":[{"taxonomy":"category","embeddable":true,"href":"https:\/\/www.erplybooks.com\/et\/wp-json\/wp\/v2\/categories?post=1029"},{"taxonomy":"post_tag","embeddable":true,"href":"https:\/\/www.erplybooks.com\/et\/wp-json\/wp\/v2\/tags?post=1029"}],"curies":[{"name":"wp","href":"https:\/\/api.w.org\/{rel}","templated":true}]}}